{"id":20,"date":"2026-01-16T16:03:42","date_gmt":"2026-01-16T16:03:42","guid":{"rendered":"https:\/\/twinlink.eu\/startpagina\/"},"modified":"2026-04-03T19:52:27","modified_gmt":"2026-04-03T19:52:27","slug":"startpagina","status":"publish","type":"page","link":"https:\/\/twinlink.eu\/de\/","title":{"rendered":"Homepage"},"content":{"rendered":"<div class=\"wp-block-group alignfull is-style-ext-preset--group--natural-1--section has-background-background-color has-background has-global-padding is-layout-constrained wp-container-core-group-is-layout-3a3c7119 wp-block-group-is-layout-constrained\" style=\"margin-top:0;margin-bottom:0;padding-top:var(--wp--preset--spacing--50);padding-bottom:var(--wp--preset--spacing--70)\">\n<figure class=\"wp-block-image alignfull size-large\"><img loading=\"lazy\" decoding=\"async\" width=\"1024\" height=\"683\" src=\"https:\/\/twinlink.eu\/wp-content\/uploads\/2026\/03\/EU-Local-Digital-Twins-initiative-1024x683.png\" alt=\"\" class=\"wp-image-632\" srcset=\"https:\/\/twinlink.eu\/wp-content\/uploads\/2026\/03\/EU-Local-Digital-Twins-initiative-1024x683.png 1024w, https:\/\/twinlink.eu\/wp-content\/uploads\/2026\/03\/EU-Local-Digital-Twins-initiative-300x200.png 300w, https:\/\/twinlink.eu\/wp-content\/uploads\/2026\/03\/EU-Local-Digital-Twins-initiative-768x512.png 768w, https:\/\/twinlink.eu\/wp-content\/uploads\/2026\/03\/EU-Local-Digital-Twins-initiative-18x12.png 18w, https:\/\/twinlink.eu\/wp-content\/uploads\/2026\/03\/EU-Local-Digital-Twins-initiative.png 1536w\" sizes=\"auto, (max-width: 1024px) 100vw, 1024px\" \/><\/figure>\n\n\n\n<div class=\"wp-block-group is-vertical is-content-justification-right is-layout-flex wp-container-core-group-is-layout-02afbb8c wp-block-group-is-layout-flex\">\n<div class=\"wp-block-group is-nowrap is-layout-flex wp-container-core-group-is-layout-6c531013 wp-block-group-is-layout-flex\">\n<div class=\"wp-block-group has-global-padding is-layout-constrained wp-container-core-group-is-layout-dd32767c wp-block-group-is-layout-constrained\">\n<h2 class=\"wp-block-heading\">twinlink.eu ist f\u00fcr<\/h2>\n\n\n\n<ul class=\"wp-block-list\">\n<li>St\u00e4dte und Regionen bauen lokale digitale Zwillinge auf <\/li>\n\n\n\n<li>Ministerien und nationale Koordinatoren f\u00fcr digitale Zwillinge <\/li>\n\n\n\n<li>Wissenseinrichtungen und Konsortien <\/li>\n\n\n\n<li>L\u00f6sungsanbieter, die Modelle und Tools beisteuern<\/li>\n<\/ul>\n\n\n\n<p><strong>twinlink.eu<\/strong> wurde im Einklang mit der europ\u00e4ischen Strategie f\u00fcr lokale digitale Zwillinge, Interoperabilit\u00e4t und zuverl\u00e4ssigen Datenaustausch entwickelt.<\/p>\n\n\n\n<p>Es unterst\u00fctzt eine f\u00f6derale Entwicklung und das Prinzip \u2018keine falsche T\u00fcr\u2019, indem es lokale Initiativen nahtlos mit nationalen und europ\u00e4ischen \u00d6kosystemen verbindet.<\/p>\n<\/div>\n<\/div>\n\n\n\n<p><\/p>\n\n\n\n<div class=\"wp-block-buttons is-layout-flex wp-block-buttons-is-layout-flex\">\n<div class=\"wp-block-button\"><a class=\"wp-block-button__link wp-element-button\" href=\"https:\/\/twinlink.eu\/de\/lokale-digitale-tweelingen\/\">Beispiele<\/a><\/div>\n<\/div>\n<\/div>\n<\/div>\n\n\n\n<div class=\"wp-block-group alignfull is-style-ext-preset--group--natural-1--section has-tertiary-background-color has-background has-global-padding is-content-justification-center is-layout-constrained wp-container-core-group-is-layout-43365766 wp-block-group-is-layout-constrained\" id=\"over-ons\" style=\"margin-top:0;margin-bottom:0;padding-top:var(--wp--preset--spacing--70);padding-bottom:var(--wp--preset--spacing--70)\">\n<div class=\"wp-block-group alignwide is-vertical is-content-justification-center is-layout-flex wp-container-core-group-is-layout-c9ee0c5a wp-block-group-is-layout-flex\">\n<div class=\"wp-block-group has-global-padding is-layout-constrained wp-container-core-group-is-layout-2287c683 wp-block-group-is-layout-constrained\">\n<h2 class=\"wp-block-heading has-text-align-center\">Digitale Zwillinge verbinden<\/h2>\n\n\n\n<p class=\"has-text-align-center\"><strong>twinlink.eu<\/strong> ist eine unabh\u00e4ngige Non-Profit-Organisation, die lokale digitale Zwillinge entwickelt und vernetzt, um europ\u00e4ische Gemeinschaften bei der Zusammenarbeit und politischen Entscheidungsfindung zu unterst\u00fctzen.<\/p>\n<\/div>\n<\/div>\n\n\n\n<div class=\"wp-block-columns alignwide is-layout-flex wp-container-core-columns-is-layout-28f84493 wp-block-columns-is-layout-flex\">\n<div class=\"wp-block-column is-layout-flow wp-block-column-is-layout-flow\">\n<figure class=\"wp-block-image size-large is-style-ext-preset-image-natural-1-image-1--content-bottom is-style-ext-preset--image--natural-1--image-1--content-bottom extendify-image-import is-style-ext-preset--image--natural-1--image-1--content-bottom--3\"><img loading=\"lazy\" decoding=\"async\" width=\"832\" height=\"1248\" src=\"https:\/\/twinlink.eu\/wp-content\/uploads\/2026\/03\/2026-03-14-11-25-07-cb0e48b2-7389-48b8-b34a-de0b43f16080-1.png\" alt=\"\" class=\"wp-image-540\" srcset=\"https:\/\/twinlink.eu\/wp-content\/uploads\/2026\/03\/2026-03-14-11-25-07-cb0e48b2-7389-48b8-b34a-de0b43f16080-1.png 832w, https:\/\/twinlink.eu\/wp-content\/uploads\/2026\/03\/2026-03-14-11-25-07-cb0e48b2-7389-48b8-b34a-de0b43f16080-1-200x300.png 200w, https:\/\/twinlink.eu\/wp-content\/uploads\/2026\/03\/2026-03-14-11-25-07-cb0e48b2-7389-48b8-b34a-de0b43f16080-1-683x1024.png 683w, https:\/\/twinlink.eu\/wp-content\/uploads\/2026\/03\/2026-03-14-11-25-07-cb0e48b2-7389-48b8-b34a-de0b43f16080-1-768x1152.png 768w, https:\/\/twinlink.eu\/wp-content\/uploads\/2026\/03\/2026-03-14-11-25-07-cb0e48b2-7389-48b8-b34a-de0b43f16080-1-8x12.png 8w\" sizes=\"auto, (max-width: 832px) 100vw, 832px\" \/><\/figure>\n<\/div>\n\n\n\n<div class=\"wp-block-column is-layout-flow wp-block-column-is-layout-flow\">\n<figure class=\"wp-block-image size-large\"><img loading=\"lazy\" decoding=\"async\" width=\"683\" height=\"1024\" src=\"https:\/\/twinlink.eu\/wp-content\/uploads\/2026\/03\/Reuse-Enabling-1-683x1024.jpg\" alt=\"\" class=\"wp-image-548\" srcset=\"https:\/\/twinlink.eu\/wp-content\/uploads\/2026\/03\/Reuse-Enabling-1-683x1024.jpg 683w, https:\/\/twinlink.eu\/wp-content\/uploads\/2026\/03\/Reuse-Enabling-1-200x300.jpg 200w, https:\/\/twinlink.eu\/wp-content\/uploads\/2026\/03\/Reuse-Enabling-1-768x1152.jpg 768w, https:\/\/twinlink.eu\/wp-content\/uploads\/2026\/03\/Reuse-Enabling-1-8x12.jpg 8w, https:\/\/twinlink.eu\/wp-content\/uploads\/2026\/03\/Reuse-Enabling-1.jpg 832w\" sizes=\"auto, (max-width: 683px) 100vw, 683px\" \/><\/figure>\n<\/div>\n\n\n\n<div class=\"wp-block-column is-layout-flow wp-block-column-is-layout-flow\">\n<figure class=\"wp-block-image size-full is-style-ext-preset-image-natural-1-image-1--content-bottom is-style-ext-preset--image--natural-1--image-1--content-bottom extendify-image-import is-style-ext-preset--image--natural-1--image-1--content-bottom--4\"><img loading=\"lazy\" decoding=\"async\" width=\"832\" height=\"1248\" src=\"https:\/\/twinlink.eu\/wp-content\/uploads\/2026\/03\/2026-03-14-11-25-07-cb0e48b2-7389-48b8-b34a-de0b43f16080-2.png\" alt=\"\" class=\"wp-image-542\" srcset=\"https:\/\/twinlink.eu\/wp-content\/uploads\/2026\/03\/2026-03-14-11-25-07-cb0e48b2-7389-48b8-b34a-de0b43f16080-2.png 832w, https:\/\/twinlink.eu\/wp-content\/uploads\/2026\/03\/2026-03-14-11-25-07-cb0e48b2-7389-48b8-b34a-de0b43f16080-2-200x300.png 200w, https:\/\/twinlink.eu\/wp-content\/uploads\/2026\/03\/2026-03-14-11-25-07-cb0e48b2-7389-48b8-b34a-de0b43f16080-2-683x1024.png 683w, https:\/\/twinlink.eu\/wp-content\/uploads\/2026\/03\/2026-03-14-11-25-07-cb0e48b2-7389-48b8-b34a-de0b43f16080-2-768x1152.png 768w, https:\/\/twinlink.eu\/wp-content\/uploads\/2026\/03\/2026-03-14-11-25-07-cb0e48b2-7389-48b8-b34a-de0b43f16080-2-8x12.png 8w\" sizes=\"auto, (max-width: 832px) 100vw, 832px\" \/><\/figure>\n<\/div>\n<\/div>\n\n\n\n<div class=\"wp-block-columns alignwide is-layout-flex wp-container-core-columns-is-layout-28f84493 wp-block-columns-is-layout-flex\">\n<div class=\"wp-block-column is-layout-flow wp-block-column-is-layout-flow\" style=\"flex-basis:100%\">\n<div class=\"wp-block-group is-layout-grid wp-container-core-group-is-layout-478b6e6b wp-block-group-is-layout-grid\">\n<div class=\"wp-block-buttons wp-container-content-e29552f7 is-layout-flex wp-block-buttons-is-layout-flex\">\n<div class=\"wp-block-button\"><a class=\"wp-block-button__link wp-element-button\" href=\"https:\/\/twinlink.eu\/de\/lokaler-digitaler-zwilling\/\">Lokales<\/a><\/div>\n<\/div>\n\n\n\n<div class=\"wp-block-buttons wp-container-content-e29552f7 is-layout-flex wp-block-buttons-is-layout-flex\">\n<div class=\"wp-block-button\"><a class=\"wp-block-button__link wp-element-button\" href=\"https:\/\/twinlink.eu\/de\/nationaler-ldt-app-shop-2\/\">National<\/a><\/div>\n<\/div>\n\n\n\n<div class=\"wp-block-buttons is-layout-flex wp-block-buttons-is-layout-flex\">\n<div class=\"wp-block-button\"><a class=\"wp-block-button__link wp-element-button\" href=\"https:\/\/twinlink.eu\/de\/EU LDT Toolbox\/\">Europ\u00e4isch<\/a><\/div>\n<\/div>\n<\/div>\n<\/div>\n<\/div>\n<\/div>\n\n\n\n<div class=\"wp-block-group alignfull is-style-ext-preset--group--natural-1--section has-background-background-color has-background has-global-padding is-layout-constrained wp-container-core-group-is-layout-e955bbaf wp-block-group-is-layout-constrained\" id=\"blog\" style=\"margin-top:0;margin-bottom:0;padding-top:var(--wp--preset--spacing--70);padding-bottom:var(--wp--preset--spacing--70)\">\n<div class=\"wp-block-group alignwide is-vertical is-content-justification-center is-layout-flex wp-container-core-group-is-layout-c9ee0c5a wp-block-group-is-layout-flex\">\n<div class=\"wp-block-group has-global-padding is-layout-constrained wp-container-core-group-is-layout-2287c683 wp-block-group-is-layout-constrained\">\n<h2 class=\"wp-block-heading has-text-align-center\">Von Daten zu besseren Entscheidungen<\/h2>\n\n\n\n<p class=\"has-text-align-center\">Immer mehr St\u00e4dte und Regionen nutzen digitale Zwillinge: digitale Karten und Modelle der realen Welt, die dabei helfen, intelligente Entscheidungen in den Bereichen Wohnen, Mobilit\u00e4t, Energie und Klima zu treffen. <strong>twinlink.eu<\/strong> verbindet diese lokalen digitalen Zwillinge in Europa und bringt Menschen, Wissen und Daten zusammen, damit \u00f6ffentliche Einrichtungen besser zusammenarbeiten k\u00f6nnen.<\/p>\n<\/div>\n<\/div>\n\n\n\n<div data-wp-context=\"{}\" data-wp-interactive=\"core\/query\" data-wp-key=\"10\" data-wp-router-region=\"query-10\" class=\"wp-block-query alignwide has-global-padding is-layout-constrained wp-container-core-query-is-layout-f1ba3e7e wp-block-query-is-layout-constrained\"><ul class=\"wp-block-post-template is-layout-flow wp-block-post-template-is-layout-flow\"><li data-wp-key=\"post-template-item-37\" class=\"wp-block-post post-37 post type-post status-publish format-standard has-post-thumbnail hentry category-category-4\">\n\n<div class=\"wp-block-media-text is-stacked-on-mobile is-style-ext-preset--media-text--natural-1--card-1 has-tertiary-background-color has-background is-style-ext-preset--media-text--natural-1--card-1--6\" style=\"grid-template-columns:33% auto\"><figure class=\"wp-block-media-text__media\"><img loading=\"lazy\" decoding=\"async\" width=\"989\" height=\"550\" src=\"https:\/\/twinlink.eu\/wp-content\/uploads\/2026\/01\/Logo-twinlink.eu_.png\" alt=\"\" class=\"wp-image-181 size-full\" srcset=\"https:\/\/twinlink.eu\/wp-content\/uploads\/2026\/01\/Logo-twinlink.eu_.png 989w, https:\/\/twinlink.eu\/wp-content\/uploads\/2026\/01\/Logo-twinlink.eu_-300x167.png 300w, https:\/\/twinlink.eu\/wp-content\/uploads\/2026\/01\/Logo-twinlink.eu_-768x427.png 768w, https:\/\/twinlink.eu\/wp-content\/uploads\/2026\/01\/Logo-twinlink.eu_-18x10.png 18w\" sizes=\"auto, (max-width: 989px) 100vw, 989px\" \/><\/figure><div class=\"wp-block-media-text__content\">\n<div class=\"wp-block-group is-style-default is-layout-flow wp-block-group-is-layout-flow\"><h1 style=\"font-size:clamp(0.984rem, 0.984rem + ((1vw - 0.2rem) * 0.86), 1.5rem); margin-bottom:8px;margin-top:12px;\" class=\"wp-block-post-title\"><a href=\"https:\/\/twinlink.eu\/de\/verbonden-europa-de-kracht-van-gedeelde-data\/\" target=\"_self\" >Das vernetzte Europa: die Macht der gemeinsamen Daten<\/a><\/h1>\n\n<div style=\"margin-top:8px;margin-bottom:0;\" class=\"wp-block-post-excerpt has-small-font-size\"><p class=\"wp-block-post-excerpt__excerpt\">Europa ist am st\u00e4rksten, wenn wir uns verbinden: zwischen L\u00e4ndern, Regionen, St\u00e4dten, Unternehmen und Einwohnern. Aber diese Verbindung ist nicht selbstverst\u00e4ndlich. In einer Zeit der Energiewende, der Klimaanpassung, der Mobilit\u00e4tszw\u00e4nge und der geopolitischen Unsicherheit... <\/p><\/div><\/div>\n<\/div><\/div>\n\n<\/li><li data-wp-key=\"post-template-item-35\" class=\"wp-block-post post-35 post type-post status-publish format-standard has-post-thumbnail hentry category-category-3\">\n\n<div class=\"wp-block-media-text is-stacked-on-mobile is-style-ext-preset--media-text--natural-1--card-1 has-tertiary-background-color has-background is-style-ext-preset--media-text--natural-1--card-1--7\" style=\"grid-template-columns:33% auto\"><figure class=\"wp-block-media-text__media\"><img loading=\"lazy\" decoding=\"async\" width=\"989\" height=\"550\" src=\"https:\/\/twinlink.eu\/wp-content\/uploads\/2026\/01\/Logo-twinlink.eu_.png\" alt=\"\" class=\"wp-image-181 size-full\" srcset=\"https:\/\/twinlink.eu\/wp-content\/uploads\/2026\/01\/Logo-twinlink.eu_.png 989w, https:\/\/twinlink.eu\/wp-content\/uploads\/2026\/01\/Logo-twinlink.eu_-300x167.png 300w, https:\/\/twinlink.eu\/wp-content\/uploads\/2026\/01\/Logo-twinlink.eu_-768x427.png 768w, https:\/\/twinlink.eu\/wp-content\/uploads\/2026\/01\/Logo-twinlink.eu_-18x10.png 18w\" sizes=\"auto, (max-width: 989px) 100vw, 989px\" \/><\/figure><div class=\"wp-block-media-text__content\">\n<div class=\"wp-block-group is-style-default is-layout-flow wp-block-group-is-layout-flow\"><h1 style=\"font-size:clamp(0.984rem, 0.984rem + ((1vw - 0.2rem) * 0.86), 1.5rem); margin-bottom:8px;margin-top:12px;\" class=\"wp-block-post-title\"><a href=\"https:\/\/twinlink.eu\/de\/de-toekomst-van-stedelijke-planning-en-digitale-technologie\/\" target=\"_self\" >Digitaltechnik f\u00fcr die gro\u00dfen Aufgaben unserer Lebenswelt<\/a><\/h1>\n\n<div style=\"margin-top:8px;margin-bottom:0;\" class=\"wp-block-post-excerpt has-small-font-size\"><p class=\"wp-block-post-excerpt__excerpt\">Onze leefomgeving staat op een kantelpunt. De opgaven stapelen zich op: woningbouw, bereikbaarheid, energietransitie, klimaatadaptatie, gezondheid, leefbaarheid en betaalbaarheid moeten tegelijk worden gerealiseerd, vaak in dezelfde vierkante kilometer. Tegelijkertijd groeit de hoeveelheid&hellip; <\/p><\/div><\/div>\n<\/div><\/div>\n\n<\/li><li data-wp-key=\"post-template-item-33\" class=\"wp-block-post post-33 post type-post status-publish format-standard has-post-thumbnail hentry category-category-2\">\n\n<div class=\"wp-block-media-text is-stacked-on-mobile is-style-ext-preset--media-text--natural-1--card-1 has-tertiary-background-color has-background is-style-ext-preset--media-text--natural-1--card-1--8\" style=\"grid-template-columns:33% auto\"><figure class=\"wp-block-media-text__media\"><img loading=\"lazy\" decoding=\"async\" width=\"989\" height=\"550\" src=\"https:\/\/twinlink.eu\/wp-content\/uploads\/2026\/01\/Logo-twinlink.eu_.png\" alt=\"\" class=\"wp-image-181 size-full\" srcset=\"https:\/\/twinlink.eu\/wp-content\/uploads\/2026\/01\/Logo-twinlink.eu_.png 989w, https:\/\/twinlink.eu\/wp-content\/uploads\/2026\/01\/Logo-twinlink.eu_-300x167.png 300w, https:\/\/twinlink.eu\/wp-content\/uploads\/2026\/01\/Logo-twinlink.eu_-768x427.png 768w, https:\/\/twinlink.eu\/wp-content\/uploads\/2026\/01\/Logo-twinlink.eu_-18x10.png 18w\" sizes=\"auto, (max-width: 989px) 100vw, 989px\" \/><\/figure><div class=\"wp-block-media-text__content\">\n<div class=\"wp-block-group is-style-default is-layout-flow wp-block-group-is-layout-flow\"><h1 style=\"font-size:clamp(0.984rem, 0.984rem + ((1vw - 0.2rem) * 0.86), 1.5rem); margin-bottom:8px;margin-top:12px;\" class=\"wp-block-post-title\"><a href=\"https:\/\/twinlink.eu\/de\/een-blik-op-simulatiemodellen-voor-toekomstscenarios\/\" target=\"_self\" >Ein Blick auf Simulationsmodelle f\u00fcr Zukunftsszenarien<\/a><\/h1>\n\n<div style=\"margin-top:8px;margin-bottom:0;\" class=\"wp-block-post-excerpt has-small-font-size\"><p class=\"wp-block-post-excerpt__excerpt\">Jeder, der an st\u00e4dtischen Zukunftsszenarien arbeitet, kennt das Spannungsfeld: Wir m\u00fcssen jetzt Entscheidungen \u00fcber Infrastruktur, Wohnraum, Energie und Klimaanpassung treffen, w\u00e4hrend die Zukunft per definitionem ungewiss ist. Simulationsmodelle helfen dabei, diese Ungewissheit handhabbar zu machen,... <\/p><\/div><\/div>\n<\/div><\/div>\n\n<\/li><\/ul>\n\n<\/div>\n\n\n\n<div class=\"wp-block-buttons alignwide is-content-justification-center is-layout-flex wp-container-core-buttons-is-layout-a89b3969 wp-block-buttons-is-layout-flex\"><\/div>\n<\/div>\n\n\n\n<div class=\"wp-block-group alignfull is-style-ext-preset--group--natural-1--section has-background-background-color has-background has-global-padding is-layout-constrained wp-block-group-is-layout-constrained\" style=\"margin-top:0;margin-bottom:0;padding-top:0;padding-bottom:0\">\n<div class=\"wp-block-cover alignfull is-style-ext-preset--cover--natural-1--cover-overlay-1 extendify-image-import is-style-ext-preset--cover--natural-1--cover-overlay-1--10\" style=\"padding-top:var(--wp--preset--spacing--70);padding-right:var(--wp--preset--spacing--30);padding-bottom:var(--wp--preset--spacing--70);padding-left:var(--wp--preset--spacing--30)\"><img decoding=\"async\" class=\"wp-block-cover__image-background\" alt=\"\" src=\"https:\/\/images.unsplash.com\/photo-1579616043939-95d87a6e8512?ixid=M3w0MzUxNjF8MHwxfHNlYXJjaHw2fHx1cmJhbiUyMHBsYW5uaW5nfGVufDB8fHx8MTc2ODMyODU1NXww&amp;ixlib=rb-4.1.0&amp;orientation=landscape?fit=crop&amp;crop=entropy%2Cfaces&amp;auto=format%2Ccompress&amp;w=1280\" data-object-fit=\"cover\"\/><span aria-hidden=\"true\" class=\"wp-block-cover__background has-background-dim-80 has-background-dim\" style=\"background-color:#010101\"><\/span><div class=\"wp-block-cover__inner-container has-global-padding is-layout-constrained wp-container-core-cover-is-layout-5cffc2c1 wp-block-cover-is-layout-constrained\">\n<div class=\"wp-block-group alignwide is-vertical is-layout-flex wp-container-core-group-is-layout-c35747d5 wp-block-group-is-layout-flex\">\n<div class=\"wp-block-group has-global-padding is-layout-constrained wp-container-core-group-is-layout-2287c683 wp-block-group-is-layout-constrained\">\n<h2 class=\"wp-block-heading has-text-align-left\">Unterst\u00fctzung f\u00fcr intelligente lokale Politikgestaltung<\/h2>\n\n\n\n<p class=\"has-text-align-left\">Entdecken Sie, wie twinlink.eu Kommunalverwaltungen mit digitalen Zwillingen hilft, die Zusammenarbeit und Entscheidungsfindung zu verbessern. Melden Sie sich f\u00fcr Updates an und bleiben Sie \u00fcber innovative Tools und F\u00e4lle informiert.<\/p>\n<\/div>\n\n\n\n<div class=\"wp-block-buttons is-layout-flex wp-block-buttons-is-layout-flex\">\n<div class=\"wp-block-button is-style-ext-preset--button--natural-1--button-1 is-style-ext-preset--button--natural-1--button-1--11\"><a class=\"wp-block-button__link wp-element-button\" href=\"https:\/\/twinlink.eu\/de\/kontakt\/\">Kontakt<\/a><\/div>\n<\/div>\n<\/div>\n<\/div><\/div>\n<\/div>","protected":false},"excerpt":{"rendered":"<p>twinlink.eu is bedoeld voor twinlink.eu is ontwikkeld in overeenstemming met de Europese strategie voor lokale digitale tweelingen, interoperabiliteit en betrouwbare gegevensuitwisseling. Het ondersteunt federatieve ontwikkeling en het &#8216;no wrong door&#8217;-principe, waarbij lokale initiatieven naadloos worden verbonden met nationale en Europese ecosystemen. Verbinden Digital Twins twinlink.eu is een onafhankelijke non-profitorganisatie die lokale digitale tweelingen ontwikkelt en [&hellip;]<\/p>\n","protected":false},"author":1,"featured_media":0,"parent":0,"menu_order":0,"comment_status":"closed","ping_status":"closed","template":"no-title","meta":{"om_disable_all_campaigns":false,"_monsterinsights_skip_tracking":false,"_monsterinsights_sitenote_active":false,"_monsterinsights_sitenote_note":"","_monsterinsights_sitenote_category":0,"footnotes":""},"class_list":["post-20","page","type-page","status-publish","hentry"],"aioseo_notices":[],"_links":{"self":[{"href":"https:\/\/twinlink.eu\/de\/wp-json\/wp\/v2\/pages\/20","targetHints":{"allow":["GET"]}}],"collection":[{"href":"https:\/\/twinlink.eu\/de\/wp-json\/wp\/v2\/pages"}],"about":[{"href":"https:\/\/twinlink.eu\/de\/wp-json\/wp\/v2\/types\/page"}],"author":[{"embeddable":true,"href":"https:\/\/twinlink.eu\/de\/wp-json\/wp\/v2\/users\/1"}],"replies":[{"embeddable":true,"href":"https:\/\/twinlink.eu\/de\/wp-json\/wp\/v2\/comments?post=20"}],"version-history":[{"count":80,"href":"https:\/\/twinlink.eu\/de\/wp-json\/wp\/v2\/pages\/20\/revisions"}],"predecessor-version":[{"id":642,"href":"https:\/\/twinlink.eu\/de\/wp-json\/wp\/v2\/pages\/20\/revisions\/642"}],"wp:attachment":[{"href":"https:\/\/twinlink.eu\/de\/wp-json\/wp\/v2\/media?parent=20"}],"curies":[{"name":"wp","href":"https:\/\/api.w.org\/{rel}","templated":true}]}}