{"id":99,"date":"2026-01-17T16:21:04","date_gmt":"2026-01-17T16:21:04","guid":{"rendered":"https:\/\/twinlink.eu\/?page_id=99"},"modified":"2026-03-12T00:29:21","modified_gmt":"2026-03-12T00:29:21","slug":"componentes-eu-caja-de-herramientas","status":"publish","type":"page","link":"https:\/\/twinlink.eu\/es\/componenten-eu-toolbox\/","title":{"rendered":"Componentes Caja de herramientas UE"},"content":{"rendered":"<div class=\"wp-block-columns alignwide is-layout-flex wp-container-core-columns-is-layout-28f84493 wp-block-columns-is-layout-flex\">\n<div class=\"wp-block-column is-layout-flow wp-block-column-is-layout-flow\">\n<hr class=\"wp-block-separator has-alpha-channel-opacity is-style-wide\"\/>\n<\/div>\n<\/div>\n\n\n\n<div class=\"wp-block-group alignfull is-style-ext-preset--group--natural-1--section has-tertiary-background-color has-background has-global-padding is-layout-constrained wp-container-core-group-is-layout-e955bbaf wp-block-group-is-layout-constrained\" style=\"margin-top:0;margin-bottom:0;padding-top:var(--wp--preset--spacing--70);padding-bottom:var(--wp--preset--spacing--70)\">\n<div class=\"wp-block-group alignwide is-vertical is-layout-flex wp-container-core-group-is-layout-c35747d5 wp-block-group-is-layout-flex\">\n<div class=\"wp-block-group has-global-padding is-layout-constrained wp-container-core-group-is-layout-5e05634a wp-block-group-is-layout-constrained\">\n<h2 class=\"wp-block-heading alignwide\">C\u00f3mo se concibe que funcione la Caja de Herramientas<\/h2>\n\n\n\n<p>Al combinar interoperabilidad, seguridad y escalabilidad en una \u00fanica plataforma, la LDT Toolbox proporciona a los responsables de las ciudades y a los equipos t\u00e9cnicos un entorno pr\u00e1ctico y flexible para planificar, simular y supervisar la innovaci\u00f3n urbana. Desde la integraci\u00f3n de diversos flujos de datos hasta la participaci\u00f3n de los ciudadanos a trav\u00e9s de herramientas de visualizaci\u00f3n, la caja de herramientas ayuda a traducir la compleja tecnolog\u00eda digital en beneficios tangibles para las comunidades de toda Europa.<\/p>\n\n\n\n<h3 class=\"wp-block-heading\">Una Plataforma Unificada para Decisiones Urbanas M\u00e1s Inteligentes<\/h3>\n\n\n\n<p>En su esencia, la caja de herramientas LDT de la UE act\u00faa como un <strong>infraestructura digital colaborativa<\/strong> \u2014 un espacio compartido donde los municipios, los investigadores, y los socios tecnol\u00f3gicos pueden experimentar y escalar las tecnolog\u00edas de gemelos digitales. En lugar de construir herramientas desde cero, las ciudades pueden acceder a un marco listo para usar que evoluciona con sus necesidades y nivel de madurez digital.<\/p>\n\n\n\n<p>Cada componente es de c\u00f3digo abierto e interoperable, lo que garantiza que ciudades de todos los tama\u00f1os \u2014desde grandes regiones metropolitanas hasta municipios m\u00e1s peque\u00f1os\u2014 puedan implementar y adaptar la tecnolog\u00eda sin las limitaciones de los sistemas propietarios. El Toolbox promueve la colaboraci\u00f3n, la transparencia y la innovaci\u00f3n en el diverso panorama urbano de Europa.<\/p>\n\n\n\n<h3 class=\"wp-block-heading\">Herramientas clave y sus funciones principales<\/h3>\n\n\n\n<p>La Caja de Herramientas LDT de la UE se compone de varios m\u00f3dulos esenciales, cada uno contribuyendo a un ecosistema hol\u00edstico de gemelo digital:<\/p>\n\n\n\n<ul class=\"wp-block-list\">\n<li><strong>Centro de Comando<\/strong> Una interfaz unificada que conecta todos los m\u00f3dulos, permitiendo a los usuarios gestionar datos, acceder a herramientas anal\u00edticas y coordinarse entre equipos sin problemas.<\/li>\n\n\n\n<li><strong>Capa de Datos<\/strong> Recopila datos urbanos de sensores, API y redes IoT, y puede generar datos sint\u00e9ticos donde existan lagunas, asegurando que incluso las ciudades con conjuntos de datos limitados puedan construir gemelos digitales completos.<\/li>\n\n\n\n<li><strong>Motor de IA<\/strong> Proporciona modelos preentrenados y adaptables para dar soporte a tareas como la predicci\u00f3n de la calidad del aire, la optimizaci\u00f3n del tr\u00e1fico y la monitorizaci\u00f3n ambiental.<\/li>\n\n\n\n<li><strong>Simulador de Escenarios:<\/strong> Permite a los planificadores probar escenarios urbanos hipot\u00e9ticos antes de aplicarlos en la vida real, lo que favorece la elaboraci\u00f3n de pol\u00edticas basadas en pruebas y reduce el costoso m\u00e9todo de ensayo y error.<\/li>\n\n\n\n<li><strong>Suite de visualizaci\u00f3n<\/strong> Ofrece paneles geoespaciales y herramientas de realidad extendida que transforman datos complejos en visiones visuales claras y accesibles tanto para los responsables de la toma de decisiones como para el p\u00fablico.<\/li>\n\n\n\n<li><strong>Herramientas de Participaci\u00f3n Ciudadana:<\/strong> Habilitar la comunicaci\u00f3n bidireccional a trav\u00e9s de simulaciones participativas, encuestas y bucles de retroalimentaci\u00f3n, integrados a trav\u00e9s del Planificador de Innovaci\u00f3n Urbana.<\/li>\n\n\n\n<li><strong>M\u00f3dulos de seguridad e interoperabilidad:<\/strong> Garantizar la alineaci\u00f3n con marcos europeos como GAIA-X, IDSA y otros est\u00e1ndares digitales de la UE, promoviendo la confianza y el intercambio seguro de datos.<\/li>\n<\/ul>\n\n\n\n<p>Juntos, estos componentes garantizan que las ciudades no s\u00f3lo puedan recopilar y analizar datos, sino tambi\u00e9n traducir la informaci\u00f3n en estrategias pr\u00e1cticas que mejoren la calidad de vida de los ciudadanos.<\/p>\n\n\n\n<h3 class=\"wp-block-heading\">Dise\u00f1ado para la Colaboraci\u00f3n y la Reutilizaci\u00f3n<\/h3>\n\n\n\n<p>Lo que hace que la Caja de Herramientas LDT de la UE sea verdaderamente distintiva es su <strong>compromiso con la apertura y la reutilizaci\u00f3n<\/strong>. Todos sus componentes est\u00e1n dise\u00f1ados para su reutilizaci\u00f3n y adaptaci\u00f3n, asegurando que cada nuevo despliegue contribuya a un ecosistema europeo en crecimiento de innovaci\u00f3n digital compartida.<\/p>\n\n\n\n<p>Este enfoque fomenta el aprendizaje transfronterizo: lo que funciona para un modelo de optimizaci\u00f3n de tr\u00e1fico en Helsinki puede ser adaptado por una ciudad costera en Espa\u00f1a o una ciudad de tama\u00f1o mediano en Polonia. Fomenta un esp\u00edritu de colaboraci\u00f3n donde los datos, algoritmos y metodolog\u00edas pueden circular libremente dentro del espacio digital compartido de Europa.<\/p>\n<\/div>\n<\/div>\n\n\n\n<figure class=\"wp-block-image\"><img loading=\"lazy\" decoding=\"async\" width=\"1024\" height=\"1024\" src=\"https:\/\/twinlink.eu\/wp-content\/uploads\/2026\/03\/2026-03-12-00-02-46-cb0e48b2-7389-48b8-b34a-de0b43f16080.png\" alt=\"\" class=\"wp-image-497\" srcset=\"https:\/\/twinlink.eu\/wp-content\/uploads\/2026\/03\/2026-03-12-00-02-46-cb0e48b2-7389-48b8-b34a-de0b43f16080.png 1024w, https:\/\/twinlink.eu\/wp-content\/uploads\/2026\/03\/2026-03-12-00-02-46-cb0e48b2-7389-48b8-b34a-de0b43f16080-300x300.png 300w, https:\/\/twinlink.eu\/wp-content\/uploads\/2026\/03\/2026-03-12-00-02-46-cb0e48b2-7389-48b8-b34a-de0b43f16080-150x150.png 150w, https:\/\/twinlink.eu\/wp-content\/uploads\/2026\/03\/2026-03-12-00-02-46-cb0e48b2-7389-48b8-b34a-de0b43f16080-768x768.png 768w, https:\/\/twinlink.eu\/wp-content\/uploads\/2026\/03\/2026-03-12-00-02-46-cb0e48b2-7389-48b8-b34a-de0b43f16080-12x12.png 12w\" sizes=\"auto, (max-width: 1024px) 100vw, 1024px\" \/><\/figure>\n<\/div>","protected":false},"excerpt":{"rendered":"<p>How the Toolbox is envisioned to work By combining interoperability, security, and scalability in a single platform, the LDT Toolbox provides city leaders and technical teams with a practical, flexible environment to plan, simulate, and monitor urban innovation. From integrating diverse data streams to engaging citizens through visualisation tools, the Toolbox helps translate complex digital [&hellip;]<\/p>\n","protected":false},"author":1,"featured_media":0,"parent":0,"menu_order":0,"comment_status":"closed","ping_status":"closed","template":"page-with-title","meta":{"om_disable_all_campaigns":false,"_monsterinsights_skip_tracking":false,"_monsterinsights_sitenote_active":false,"_monsterinsights_sitenote_note":"","_monsterinsights_sitenote_category":0,"footnotes":""},"class_list":["post-99","page","type-page","status-publish","hentry"],"aioseo_notices":[],"_links":{"self":[{"href":"https:\/\/twinlink.eu\/es\/wp-json\/wp\/v2\/pages\/99","targetHints":{"allow":["GET"]}}],"collection":[{"href":"https:\/\/twinlink.eu\/es\/wp-json\/wp\/v2\/pages"}],"about":[{"href":"https:\/\/twinlink.eu\/es\/wp-json\/wp\/v2\/types\/page"}],"author":[{"embeddable":true,"href":"https:\/\/twinlink.eu\/es\/wp-json\/wp\/v2\/users\/1"}],"replies":[{"embeddable":true,"href":"https:\/\/twinlink.eu\/es\/wp-json\/wp\/v2\/comments?post=99"}],"version-history":[{"count":11,"href":"https:\/\/twinlink.eu\/es\/wp-json\/wp\/v2\/pages\/99\/revisions"}],"predecessor-version":[{"id":498,"href":"https:\/\/twinlink.eu\/es\/wp-json\/wp\/v2\/pages\/99\/revisions\/498"}],"wp:attachment":[{"href":"https:\/\/twinlink.eu\/es\/wp-json\/wp\/v2\/media?parent=99"}],"curies":[{"name":"wp","href":"https:\/\/api.w.org\/{rel}","templated":true}]}}