{"id":99,"date":"2026-01-17T16:21:04","date_gmt":"2026-01-17T16:21:04","guid":{"rendered":"https:\/\/twinlink.eu\/?page_id=99"},"modified":"2026-03-12T00:29:21","modified_gmt":"2026-03-12T00:29:21","slug":"composants-eu-boite-a-outils","status":"publish","type":"page","link":"https:\/\/twinlink.eu\/fr\/componenten-eu-toolbox\/","title":{"rendered":"Composants de la bo\u00eete \u00e0 outils UE"},"content":{"rendered":"<div class=\"wp-block-columns alignwide is-layout-flex wp-container-core-columns-is-layout-28f84493 wp-block-columns-is-layout-flex\">\n<div class=\"wp-block-column is-layout-flow wp-block-column-is-layout-flow\">\n<hr class=\"wp-block-separator has-alpha-channel-opacity is-style-wide\"\/>\n<\/div>\n<\/div>\n\n\n\n<div class=\"wp-block-group alignfull is-style-ext-preset--group--natural-1--section has-tertiary-background-color has-background has-global-padding is-layout-constrained wp-container-core-group-is-layout-e955bbaf wp-block-group-is-layout-constrained\" style=\"margin-top:0;margin-bottom:0;padding-top:var(--wp--preset--spacing--70);padding-bottom:var(--wp--preset--spacing--70)\">\n<div class=\"wp-block-group alignwide is-vertical is-layout-flex wp-container-core-group-is-layout-c35747d5 wp-block-group-is-layout-flex\">\n<div class=\"wp-block-group has-global-padding is-layout-constrained wp-container-core-group-is-layout-5e05634a wp-block-group-is-layout-constrained\">\n<h2 class=\"wp-block-heading alignwide\">Comment la bo\u00eete \u00e0 outils est cens\u00e9e fonctionner<\/h2>\n\n\n\n<p>En combinant interop\u00e9rabilit\u00e9, s\u00e9curit\u00e9 et \u00e9volutivit\u00e9 au sein d'une plateforme unique, la LDT Toolbox offre aux dirigeants de villes et aux \u00e9quipes techniques un environnement pratique et flexible pour planifier, simuler et suivre l'innovation urbaine. De l'int\u00e9gration de divers flux de donn\u00e9es \u00e0 l'engagement des citoyens gr\u00e2ce \u00e0 des outils de visualisation, la Toolbox aide \u00e0 traduire les technologies num\u00e9riques complexes en avantages tangibles pour les communaut\u00e9s \u00e0 travers l'Europe.<\/p>\n\n\n\n<h3 class=\"wp-block-heading\">Une plateforme unifi\u00e9e pour des d\u00e9cisions urbaines plus intelligentes<\/h3>\n\n\n\n<p>En son c\u0153ur, la bo\u00eete \u00e0 outils LDT de l'UE agit comme un <strong>infrastructure num\u00e9rique collaborative<\/strong> \u2014 un espace partag\u00e9 o\u00f9 les municipalit\u00e9s, les chercheurs et les partenaires technologiques peuvent exp\u00e9rimenter et adapter les technologies de jumeaux num\u00e9riques. Au lieu de construire des outils \u00e0 partir de z\u00e9ro, les villes peuvent acc\u00e9der \u00e0 un cadre pr\u00eat \u00e0 l'emploi qui \u00e9volue avec leurs besoins et leur niveau de maturit\u00e9 num\u00e9rique.<\/p>\n\n\n\n<p>Chaque composant est open-source et interop\u00e9rable, garantissant ainsi que les villes de toutes tailles \u2014 des grandes r\u00e9gions m\u00e9tropolitaines aux plus petites municipalit\u00e9s \u2014 puissent d\u00e9ployer et adapter la technologie sans les contraintes des syst\u00e8mes propri\u00e9taires. La Toolbox favorise la collaboration, la transparence et l'innovation \u00e0 travers le paysage urbain diversifi\u00e9 de l'Europe.<\/p>\n\n\n\n<h3 class=\"wp-block-heading\">Outils cl\u00e9s et leurs fonctions principales<\/h3>\n\n\n\n<p>La bo\u00eete \u00e0 outils LDT de l'UE est compos\u00e9e de plusieurs modules essentiels, chacun contribuant \u00e0 un \u00e9cosyst\u00e8me holistique de jumeaux num\u00e9riques :<\/p>\n\n\n\n<ul class=\"wp-block-list\">\n<li><strong>Hub Central :<\/strong> Une interface unifi\u00e9e qui connecte tous les modules, permettant aux utilisateurs de g\u00e9rer les donn\u00e9es, d'acc\u00e9der aux outils d'analyse et de coordonner les \u00e9quipes de mani\u00e8re transparente.<\/li>\n\n\n\n<li><strong>Couche de donn\u00e9es :<\/strong> Collecte des donn\u00e9es de la ville \u00e0 partir de capteurs, d'API et de r\u00e9seaux IoT, et peut g\u00e9n\u00e9rer des donn\u00e9es synth\u00e9tiques lorsque des lacunes existent \u2014 garantissant ainsi que m\u00eame les villes disposant de jeux de donn\u00e9es limit\u00e9s peuvent construire des jumeaux num\u00e9riques complets.<\/li>\n\n\n\n<li><strong>Moteur d'IA<\/strong> Fournit des mod\u00e8les pr\u00e9-entra\u00een\u00e9s et adaptables pour prendre en charge des t\u00e2ches telles que la pr\u00e9vision de la qualit\u00e9 de l'air, l'optimisation du trafic et la surveillance environnementale.<\/li>\n\n\n\n<li><strong>Simulateur de sc\u00e9narios :<\/strong> Permet aux urbanistes de tester des sc\u00e9narios urbains \u201c quoi faire si \u201d avant de les mettre en \u0153uvre dans la vie r\u00e9elle, soutenant ainsi l'\u00e9laboration de politiques fond\u00e9e sur des preuves et r\u00e9duisant les essais et erreurs co\u00fbteux.<\/li>\n\n\n\n<li><strong>Suite de visualisation :<\/strong> Propose des tableaux de bord g\u00e9ospatiaux et des outils de r\u00e9alit\u00e9 \u00e9tendue qui transforment des donn\u00e9es complexes en aper\u00e7us visuels clairs et accessibles, aussi bien pour les d\u00e9cideurs que pour le grand public.<\/li>\n\n\n\n<li><strong>Outils de Citoyennet\u00e9 Active :<\/strong> Permettre une communication bidirectionnelle gr\u00e2ce \u00e0 des simulations participatives, des enqu\u00eates et des boucles de r\u00e9troaction, int\u00e9gr\u00e9es via le Planificateur d'Innovation de la Ville.<\/li>\n\n\n\n<li><strong>Modules de s\u00e9curit\u00e9 et d'interop\u00e9rabilit\u00e9 :<\/strong> Garantir l'alignement avec les cadres europ\u00e9ens tels que GAIA-X, l'IDSA et d'autres normes num\u00e9riques de l'UE, en favorisant la confiance et l'\u00e9change s\u00e9curis\u00e9 de donn\u00e9es.<\/li>\n<\/ul>\n\n\n\n<p>Ensemble, ces \u00e9l\u00e9ments garantissent que les villes peuvent non seulement collecter et analyser des donn\u00e9es, mais aussi traduire ces informations en strat\u00e9gies concr\u00e8tes qui am\u00e9liorent la qualit\u00e9 de vie des citoyens.<\/p>\n\n\n\n<h3 class=\"wp-block-heading\">Con\u00e7u pour la collaboration et la r\u00e9utilisation<\/h3>\n\n\n\n<p>Ce qui rend v\u00e9ritablement unique la bo\u00eete \u00e0 outils LDT de l'UE, c'est sa <strong>Engagement envers l'ouverture et la r\u00e9utilisabilit\u00e9<\/strong>. Tous ses composants sont con\u00e7us pour \u00eatre r\u00e9utilis\u00e9s et adapt\u00e9s, garantissant ainsi que chaque nouveau d\u00e9ploiement contribue \u00e0 un \u00e9cosyst\u00e8me europ\u00e9en croissant d'innovation num\u00e9rique partag\u00e9e.<\/p>\n\n\n\n<p>Cette approche favorise l'apprentissage transfrontalier : ce qui fonctionne pour un mod\u00e8le d'optimisation du trafic \u00e0 Helsinki peut \u00eatre adapt\u00e9 par une ville c\u00f4ti\u00e8re d'Espagne ou une ville de taille moyenne en Pologne. Elle encourage un esprit de collaboration o\u00f9 les donn\u00e9es, les algorithmes et les m\u00e9thodologies peuvent circuler librement au sein de l'espace num\u00e9rique partag\u00e9 de l'Europe.<\/p>\n<\/div>\n<\/div>\n\n\n\n<figure class=\"wp-block-image\"><img loading=\"lazy\" decoding=\"async\" width=\"1024\" height=\"1024\" src=\"https:\/\/twinlink.eu\/wp-content\/uploads\/2026\/03\/2026-03-12-00-02-46-cb0e48b2-7389-48b8-b34a-de0b43f16080.png\" alt=\"\" class=\"wp-image-497\" srcset=\"https:\/\/twinlink.eu\/wp-content\/uploads\/2026\/03\/2026-03-12-00-02-46-cb0e48b2-7389-48b8-b34a-de0b43f16080.png 1024w, https:\/\/twinlink.eu\/wp-content\/uploads\/2026\/03\/2026-03-12-00-02-46-cb0e48b2-7389-48b8-b34a-de0b43f16080-300x300.png 300w, https:\/\/twinlink.eu\/wp-content\/uploads\/2026\/03\/2026-03-12-00-02-46-cb0e48b2-7389-48b8-b34a-de0b43f16080-150x150.png 150w, https:\/\/twinlink.eu\/wp-content\/uploads\/2026\/03\/2026-03-12-00-02-46-cb0e48b2-7389-48b8-b34a-de0b43f16080-768x768.png 768w, https:\/\/twinlink.eu\/wp-content\/uploads\/2026\/03\/2026-03-12-00-02-46-cb0e48b2-7389-48b8-b34a-de0b43f16080-12x12.png 12w\" sizes=\"auto, (max-width: 1024px) 100vw, 1024px\" \/><\/figure>\n<\/div>","protected":false},"excerpt":{"rendered":"<p>How the Toolbox is envisioned to work By combining interoperability, security, and scalability in a single platform, the LDT Toolbox provides city leaders and technical teams with a practical, flexible environment to plan, simulate, and monitor urban innovation. From integrating diverse data streams to engaging citizens through visualisation tools, the Toolbox helps translate complex digital [&hellip;]<\/p>\n","protected":false},"author":1,"featured_media":0,"parent":0,"menu_order":0,"comment_status":"closed","ping_status":"closed","template":"page-with-title","meta":{"om_disable_all_campaigns":false,"_monsterinsights_skip_tracking":false,"_monsterinsights_sitenote_active":false,"_monsterinsights_sitenote_note":"","_monsterinsights_sitenote_category":0,"footnotes":""},"class_list":["post-99","page","type-page","status-publish","hentry"],"aioseo_notices":[],"_links":{"self":[{"href":"https:\/\/twinlink.eu\/fr\/wp-json\/wp\/v2\/pages\/99","targetHints":{"allow":["GET"]}}],"collection":[{"href":"https:\/\/twinlink.eu\/fr\/wp-json\/wp\/v2\/pages"}],"about":[{"href":"https:\/\/twinlink.eu\/fr\/wp-json\/wp\/v2\/types\/page"}],"author":[{"embeddable":true,"href":"https:\/\/twinlink.eu\/fr\/wp-json\/wp\/v2\/users\/1"}],"replies":[{"embeddable":true,"href":"https:\/\/twinlink.eu\/fr\/wp-json\/wp\/v2\/comments?post=99"}],"version-history":[{"count":11,"href":"https:\/\/twinlink.eu\/fr\/wp-json\/wp\/v2\/pages\/99\/revisions"}],"predecessor-version":[{"id":498,"href":"https:\/\/twinlink.eu\/fr\/wp-json\/wp\/v2\/pages\/99\/revisions\/498"}],"wp:attachment":[{"href":"https:\/\/twinlink.eu\/fr\/wp-json\/wp\/v2\/media?parent=99"}],"curies":[{"name":"wp","href":"https:\/\/api.w.org\/{rel}","templated":true}]}}