{"id":123,"date":"2026-01-17T18:53:05","date_gmt":"2026-01-17T18:53:05","guid":{"rendered":"https:\/\/twinlink.eu\/?page_id=123"},"modified":"2026-03-12T23:34:42","modified_gmt":"2026-03-12T23:34:42","slug":"member-state-ldt-appstore","status":"publish","type":"page","link":"https:\/\/twinlink.eu\/it\/member-state-ldt-appstore\/","title":{"rendered":"Stato membro LDT Appstore"},"content":{"rendered":"<p><\/p>\n\n\n\n<h2 class=\"wp-block-heading\"><strong>In cosa consiste l'Appstore LDT di uno Stato membro?<\/strong><\/h2>\n\n\n\n<p>Un LDT Appstore di uno Stato membro \u00e8 costituito da elementi costitutivi coerenti: un livello di catalogo, un livello di interoperabilit\u00e0 e qualit\u00e0, un livello di governance e fiducia e un livello di federazione e integrazione, supportato da processi operativi.<\/p>\n\n\n\n<h6 class=\"wp-block-heading\"><strong>1) Livello del catalogo: cosa pubblicate e come potete trovarlo<\/strong><\/h6>\n\n\n\n<p><strong>Tipi di attivit\u00e0 (fornitura)<\/strong><\/p>\n\n\n\n<ul class=\"wp-block-list\">\n<li>Prodotti di dati: dataset e API di dati (inclusi i geodati)<\/li>\n\n\n\n<li>Prodotti di servizio: servizi di dati e servizi (geo)web<\/li>\n\n\n\n<li>Prodotti di modello: modelli di simulazione\/ottimizzazione\/AI come servizio<\/li>\n\n\n\n<li>Visualizzazione e interazione: dashboard, visualizzatori 3D, tavole di scenario<\/li>\n\n\n\n<li>Flussi\/ricette: catene\/pipeline ripetibili che combinano i componenti.<\/li>\n\n\n\n<li>Registri e vocabolari: glossari, elenchi di codici, mappature, elenchi di riferimento<\/li>\n<\/ul>\n\n\n\n<p><strong>Modello di metadati (leggibile a macchina)<\/strong><\/p>\n\n\n\n<ul class=\"wp-block-list\">\n<li>Separazione tra record di catalogo (ciclo di vita\/governance) e risorsa catalogata (l'oggetto stesso).<\/li>\n\n\n\n<li>Basato su DCAT\/DCAT-AP; per il geo spesso allineamento GeoDCAT-AP\/INSPIRE.<\/li>\n<\/ul>\n\n\n\n<p><strong>Pagina del prodotto\/UX<\/strong><\/p>\n\n\n\n<ul class=\"wp-block-list\">\n<li>Traduce i metadati in informazioni decisionali: \u201ccosa posso fare con questo?\u201d, condizioni, limitazioni, contatti\/supporto, dipendenze e istruzioni di implementazione.<\/li>\n<\/ul>\n\n\n\n<h6 class=\"wp-block-heading\"><strong>2) Interoperabilit\u00e0 e livello di qualit\u00e0: da \u201ctrovabile\u201d a \u201cutilizzabile\u201d.\u201d<\/strong><\/h6>\n\n\n\n<ul class=\"wp-block-list\">\n<li>Conformit\u00e0 e risultati dei test: controlli automatici (ad esempio, classi di conformit\u00e0 API OGC) e registrazione dei risultati come segnali di fiducia.<\/li>\n\n\n\n<li>Interoperabilit\u00e0 semantica: vocabolari condivisi, mappature e registri di riferimento in modo che gli indicatori e le definizioni siano coerenti.<\/li>\n\n\n\n<li>Gestione delle versioni e ciclo di vita: stato, changelog, politica di deprezzamento, dipendenze e compatibilit\u00e0 dei flussi di lavoro\/servizi.<\/li>\n\n\n\n<li>Profili di qualit\u00e0 dei dati (completezza, tempestivit\u00e0, accuratezza)<\/li>\n\n\n\n<li>Provenienza\/linea (provenienza, elaborazione, convalide)<\/li>\n\n\n\n<li>Riproducibilit\u00e0 dei modelli e degli scenari (input, set di parametri, casi di riferimento)<\/li>\n<\/ul>\n\n\n\n<h6 class=\"wp-block-heading\"><strong>3) Livello di governance e fiducia: chi pu\u00f2 fare cosa, in base a quali regole del gioco<\/strong><\/h6>\n\n\n\n<ul class=\"wp-block-list\">\n<li>Ruoli e responsabilit\u00e0: minimal Provider, Curator, Steward, Operator, Consumer, compresi i processi di incident, escalation e deprecation.<\/li>\n\n\n\n<li>Livelli di garanzia (tiers), proporzionali e crescenti:\n<ul class=\"wp-block-list\">\n<li>Livello 0: autodichiarazione + convalide di base<\/li>\n\n\n\n<li>Livello 1: curata + test di conformit\u00e0 di base + provenienza\/licenza chiara<\/li>\n\n\n\n<li>Livello 2: verificato in modo indipendente + posizione di sicurezza + riproducibilit\u00e0 + (se pertinente) documentazione del rischio<\/li>\n<\/ul>\n<\/li>\n\n\n\n<li>Legale e politica: licenze\/diritti degli utenti, classi di accesso (aperto\/registrato\/contrattuale), artefatti relativi alla privacy\/GDPR, se del caso, e nel caso dell'IA: documentazione sulla trasparenza e sui rischi.<\/li>\n\n\n\n<li>Politica di accesso e autorizzazione (RBAC\/ABAC), registrazione e audit trail<\/li>\n\n\n\n<li>Sicurezza di base (crittografia, gestione delle chiavi, risposta agli incidenti)<\/li>\n\n\n\n<li>Percorso di reclamo e obiezione e governance per la modifica delle regole del gioco<\/li>\n<\/ul>\n\n\n\n<h6 class=\"wp-block-heading\"><strong>4) Livello di federazione e integrazione: utilizzabile a livello nazionale, scalabile a livello europeo.<\/strong><\/h6>\n\n\n\n<ul class=\"wp-block-list\">\n<li>Modelli di federazione: harvesting, query distribuita o ibrida per \u201cno-wrong-door discovery\u201d (locale\/nazionale\/UE).<\/li>\n\n\n\n<li>Servizi di fiducia\/federazione (interfaccia con gli spazi dati): identit\u00e0\/attestazione, applicazione delle politiche, registrazione\/auditabilit\u00e0 (spesso tramite blocchi di costruzione esistenti piuttosto che \u201cnell'Appstore stesso\u201d).<\/li>\n\n\n\n<li>Relazione con EU LDT Toolbox: l'Appstore agisce come un livello di catalogo affidabile che descrive e rende scopribili i componenti allineati al Toolbox, comprese le implementazioni di riferimento e i flussi di lavoro.<\/li>\n\n\n\n<li>Collegamento con i registri e gli identificatori nazionali (ad es. ID oggetto)<\/li>\n\n\n\n<li>Gateway API\/gateway di policy per l'accesso unificato e il throttling<\/li>\n\n\n\n<li>Armonizzazione transfrontaliera dei metadati (multilinguismo, set minimo di metadati)<\/li>\n<\/ul>\n\n\n\n<h6 class=\"wp-block-heading\"><strong>5) Processi operativi: farli funzionare come un ecosistema<\/strong><\/h6>\n\n\n\n<ul class=\"wp-block-list\">\n<li>Onboarding pipeline: guida pre-submission \u2192 validazione automatica dei metadati \u2192 revisione del curatore (Tier 1+) \u2192 test di conformit\u00e0 \u2192 pubblicazione \u2192 monitoraggio\/feedback.<\/li>\n\n\n\n<li>Monitoraggio e feedback loop: controlli di uptime\/link, esperienza dell'utente, segnalazione di problemi e KPI (come il time-to-integrate e il tasso di riutilizzo)<\/li>\n\n\n\n<li>Gestione delle modifiche (politica delle versioni, analisi dell'impatto, comunicazione)<\/li>\n\n\n\n<li>Processo di adozione e comunit\u00e0 (manuali, esempi di implementazione, formazione)<\/li>\n\n\n\n<li>Gestione del portafoglio (prioritizzazione degli asset e delle lacune in base ai compiti nazionali)<\/li>\n<\/ul>\n\n\n\n<hr class=\"wp-block-separator has-alpha-channel-opacity\"\/>\n\n\n\n<h3 class=\"wp-block-heading\"><strong>Sintesi: una realt\u00e0 condivisa, organizzata in modo scalabile<\/strong><\/h3>\n\n\n\n<p>L'Appstore LDT degli Stati membri consente il riutilizzo combinando reperibilit\u00e0, comparabilit\u00e0 e fiducia. TwinLink.eu assicura la condizione preliminare: regole di gioco e di governance eque che consentono alle parti regionali di gestire una realt\u00e0 condivisa. Una volta poste queste basi, lo SPoT regionale e lo spazio di lavoro comune lo rendono pratico - ed emerge un ecosistema in cui i partner della catena possono lavorare insieme sulla base delle stesse informazioni affidabili e degli stessi processi collegati.<\/p>\n\n\n\n<p><\/p>","protected":false},"excerpt":{"rendered":"<p>Waaruit bestaat een Member State LDT Appstore? Een Member State LDT Appstore bestaat uit samenhangende bouwblokken: een cataloguslaag, een interoperabiliteit- en kwaliteitslaag, een governance- en trustlaag, en een federatie- en integratielaag\u2014ondersteund door operationele processen. 1) Cataloguslaag: wat je publiceert en hoe het vindbaar is Asset-typen (aanbod) Metadata-model (machine-leesbaar) Productpagina\/UX 2) Interoperabiliteit- en kwaliteitslaag: van \u201cvindbaar\u201d [&hellip;]<\/p>\n","protected":false},"author":1,"featured_media":0,"parent":0,"menu_order":0,"comment_status":"closed","ping_status":"closed","template":"page-with-title","meta":{"om_disable_all_campaigns":false,"_monsterinsights_skip_tracking":false,"_monsterinsights_sitenote_active":false,"_monsterinsights_sitenote_note":"","_monsterinsights_sitenote_category":0,"footnotes":""},"class_list":["post-123","page","type-page","status-publish","hentry"],"aioseo_notices":[],"_links":{"self":[{"href":"https:\/\/twinlink.eu\/it\/wp-json\/wp\/v2\/pages\/123","targetHints":{"allow":["GET"]}}],"collection":[{"href":"https:\/\/twinlink.eu\/it\/wp-json\/wp\/v2\/pages"}],"about":[{"href":"https:\/\/twinlink.eu\/it\/wp-json\/wp\/v2\/types\/page"}],"author":[{"embeddable":true,"href":"https:\/\/twinlink.eu\/it\/wp-json\/wp\/v2\/users\/1"}],"replies":[{"embeddable":true,"href":"https:\/\/twinlink.eu\/it\/wp-json\/wp\/v2\/comments?post=123"}],"version-history":[{"count":4,"href":"https:\/\/twinlink.eu\/it\/wp-json\/wp\/v2\/pages\/123\/revisions"}],"predecessor-version":[{"id":515,"href":"https:\/\/twinlink.eu\/it\/wp-json\/wp\/v2\/pages\/123\/revisions\/515"}],"wp:attachment":[{"href":"https:\/\/twinlink.eu\/it\/wp-json\/wp\/v2\/media?parent=123"}],"curies":[{"name":"wp","href":"https:\/\/api.w.org\/{rel}","templated":true}]}}