{"id":99,"date":"2026-01-17T16:21:04","date_gmt":"2026-01-17T16:21:04","guid":{"rendered":"https:\/\/twinlink.eu\/?page_id=99"},"modified":"2026-03-12T00:29:21","modified_gmt":"2026-03-12T00:29:21","slug":"componenti-della-cassetta-degli-attrezzi-eu","status":"publish","type":"page","link":"https:\/\/twinlink.eu\/it\/componenten-eu-toolbox\/","title":{"rendered":"Componenti Toolbox UE"},"content":{"rendered":"<div class=\"wp-block-columns alignwide is-layout-flex wp-container-core-columns-is-layout-28f84493 wp-block-columns-is-layout-flex\">\n<div class=\"wp-block-column is-layout-flow wp-block-column-is-layout-flow\">\n<hr class=\"wp-block-separator has-alpha-channel-opacity is-style-wide\"\/>\n<\/div>\n<\/div>\n\n\n\n<div class=\"wp-block-group alignfull is-style-ext-preset--group--natural-1--section has-tertiary-background-color has-background has-global-padding is-layout-constrained wp-container-core-group-is-layout-e955bbaf wp-block-group-is-layout-constrained\" style=\"margin-top:0;margin-bottom:0;padding-top:var(--wp--preset--spacing--70);padding-bottom:var(--wp--preset--spacing--70)\">\n<div class=\"wp-block-group alignwide is-vertical is-layout-flex wp-container-core-group-is-layout-c35747d5 wp-block-group-is-layout-flex\">\n<div class=\"wp-block-group has-global-padding is-layout-constrained wp-container-core-group-is-layout-5e05634a wp-block-group-is-layout-constrained\">\n<h2 class=\"wp-block-heading alignwide\">Come si immagina che funzioni il Toolbox<\/h2>\n\n\n\n<p>Combinando interoperabilit\u00e0, sicurezza e scalabilit\u00e0 in un'unica piattaforma, il Toolbox LDT fornisce ai leader cittadini e ai team tecnici un ambiente pratico e flessibile per pianificare, simulare e monitorare l'innovazione urbana. Dall'integrazione di diversi flussi di dati al coinvolgimento dei cittadini attraverso strumenti di visualizzazione, il Toolbox aiuta a tradurre la complessa tecnologia digitale in benefici tangibili per le comunit\u00e0 di tutta Europa.<\/p>\n\n\n\n<h3 class=\"wp-block-heading\">Una piattaforma unificata per decisioni urbane pi\u00f9 intelligenti<\/h3>\n\n\n\n<p>Il Toolbox LDT dell'UE agisce come un <strong>infrastruttura digitale collaborativa<\/strong> - uno spazio condiviso in cui comuni, ricercatori e partner tecnologici possono sperimentare e scalare le tecnologie digital-twin. Invece di costruire strumenti da zero, le citt\u00e0 possono accedere a una struttura gi\u00e0 pronta che si evolve in base alle loro esigenze e al loro livello di maturit\u00e0 digitale.<\/p>\n\n\n\n<p>Ogni componente \u00e8 open-source e interoperabile, per garantire che le citt\u00e0 di tutte le dimensioni - dalle grandi regioni metropolitane ai comuni pi\u00f9 piccoli - possano implementare e adattare la tecnologia senza i vincoli dei sistemi proprietari. Il Toolbox promuove la collaborazione, la trasparenza e l'innovazione nel variegato panorama urbano europeo.<\/p>\n\n\n\n<h3 class=\"wp-block-heading\">Strumenti chiave e loro funzioni principali<\/h3>\n\n\n\n<p>L'EU LDT Toolbox \u00e8 composto da diversi moduli essenziali, ognuno dei quali contribuisce a un ecosistema olistico di gemelli digitali:<\/p>\n\n\n\n<ul class=\"wp-block-list\">\n<li><strong>Hub centrale:<\/strong> Un'interfaccia unificata che collega tutti i moduli, consentendo agli utenti di gestire i dati, accedere agli strumenti analitici e coordinarsi tra i team senza soluzione di continuit\u00e0.<\/li>\n\n\n\n<li><strong>Strato dati:<\/strong> Raccoglie i dati della citt\u00e0 da sensori, API e reti IoT e pu\u00f2 generare dati sintetici laddove esistono lacune, assicurando che anche le citt\u00e0 con set di dati limitati possano costruire gemelli digitali completi.<\/li>\n\n\n\n<li><strong>Motore AI:<\/strong> Fornisce modelli pre-addestrati e adattabili per supportare attivit\u00e0 come la previsione della qualit\u00e0 dell'aria, l'ottimizzazione del traffico e il monitoraggio ambientale.<\/li>\n\n\n\n<li><strong>Simulatore di scenari:<\/strong> Permette ai pianificatori di testare gli scenari urbani \u201cwhat-if\u201d prima di implementarli nella vita reale, favorendo la definizione di politiche basate sull'evidenza e riducendo i costosi tentativi ed errori.<\/li>\n\n\n\n<li><strong>Suite di visualizzazione:<\/strong> Offre cruscotti geospaziali e strumenti di realt\u00e0 estesa che trasformano dati complessi in informazioni visive chiare e accessibili per i decisori e il pubblico.<\/li>\n\n\n\n<li><strong>Strumenti di coinvolgimento dei cittadini:<\/strong> Consentire una comunicazione bidirezionale attraverso simulazioni partecipative, sondaggi e cicli di feedback, integrati dal City Innovation Planner.<\/li>\n\n\n\n<li><strong>Moduli di sicurezza e interoperabilit\u00e0:<\/strong> Garantire l'allineamento con i quadri europei come GAIA-X, IDSA e altri standard digitali dell'UE, promuovendo la fiducia e lo scambio sicuro di dati.<\/li>\n<\/ul>\n\n\n\n<p>Insieme, queste componenti assicurano che le citt\u00e0 possano non solo raccogliere e analizzare i dati, ma anche tradurre le intuizioni in strategie attuabili che migliorino la qualit\u00e0 della vita dei cittadini.<\/p>\n\n\n\n<h3 class=\"wp-block-heading\">Progettato per la collaborazione e il riutilizzo<\/h3>\n\n\n\n<p>Ci\u00f2 che rende l'EU LDT Toolbox veramente distintivo \u00e8 il suo <strong>impegno per l'apertura e la riusabilit\u00e0<\/strong>. Tutti i suoi componenti sono progettati per essere riutilizzati e adattati, garantendo che ogni nuova implementazione contribuisca a un crescente ecosistema europeo di innovazione digitale condivisa.<\/p>\n\n\n\n<p>Questo approccio favorisce l'apprendimento transfrontaliero: ci\u00f2 che funziona per un modello di ottimizzazione del traffico a Helsinki pu\u00f2 essere adattato da una citt\u00e0 costiera in Spagna o da una citt\u00e0 di medie dimensioni in Polonia. Incoraggia uno spirito di collaborazione in cui dati, algoritmi e metodologie possono circolare liberamente all'interno dello spazio digitale condiviso in Europa.<\/p>\n<\/div>\n<\/div>\n\n\n\n<figure class=\"wp-block-image\"><img loading=\"lazy\" decoding=\"async\" width=\"1024\" height=\"1024\" src=\"https:\/\/twinlink.eu\/wp-content\/uploads\/2026\/03\/2026-03-12-00-02-46-cb0e48b2-7389-48b8-b34a-de0b43f16080.png\" alt=\"\" class=\"wp-image-497\" srcset=\"https:\/\/twinlink.eu\/wp-content\/uploads\/2026\/03\/2026-03-12-00-02-46-cb0e48b2-7389-48b8-b34a-de0b43f16080.png 1024w, https:\/\/twinlink.eu\/wp-content\/uploads\/2026\/03\/2026-03-12-00-02-46-cb0e48b2-7389-48b8-b34a-de0b43f16080-300x300.png 300w, https:\/\/twinlink.eu\/wp-content\/uploads\/2026\/03\/2026-03-12-00-02-46-cb0e48b2-7389-48b8-b34a-de0b43f16080-150x150.png 150w, https:\/\/twinlink.eu\/wp-content\/uploads\/2026\/03\/2026-03-12-00-02-46-cb0e48b2-7389-48b8-b34a-de0b43f16080-768x768.png 768w, https:\/\/twinlink.eu\/wp-content\/uploads\/2026\/03\/2026-03-12-00-02-46-cb0e48b2-7389-48b8-b34a-de0b43f16080-12x12.png 12w\" sizes=\"auto, (max-width: 1024px) 100vw, 1024px\" \/><\/figure>\n<\/div>","protected":false},"excerpt":{"rendered":"<p>How the Toolbox is envisioned to work By combining interoperability, security, and scalability in a single platform, the LDT Toolbox provides city leaders and technical teams with a practical, flexible environment to plan, simulate, and monitor urban innovation. From integrating diverse data streams to engaging citizens through visualisation tools, the Toolbox helps translate complex digital [&hellip;]<\/p>\n","protected":false},"author":1,"featured_media":0,"parent":0,"menu_order":0,"comment_status":"closed","ping_status":"closed","template":"page-with-title","meta":{"om_disable_all_campaigns":false,"_monsterinsights_skip_tracking":false,"_monsterinsights_sitenote_active":false,"_monsterinsights_sitenote_note":"","_monsterinsights_sitenote_category":0,"footnotes":""},"class_list":["post-99","page","type-page","status-publish","hentry"],"aioseo_notices":[],"_links":{"self":[{"href":"https:\/\/twinlink.eu\/it\/wp-json\/wp\/v2\/pages\/99","targetHints":{"allow":["GET"]}}],"collection":[{"href":"https:\/\/twinlink.eu\/it\/wp-json\/wp\/v2\/pages"}],"about":[{"href":"https:\/\/twinlink.eu\/it\/wp-json\/wp\/v2\/types\/page"}],"author":[{"embeddable":true,"href":"https:\/\/twinlink.eu\/it\/wp-json\/wp\/v2\/users\/1"}],"replies":[{"embeddable":true,"href":"https:\/\/twinlink.eu\/it\/wp-json\/wp\/v2\/comments?post=99"}],"version-history":[{"count":11,"href":"https:\/\/twinlink.eu\/it\/wp-json\/wp\/v2\/pages\/99\/revisions"}],"predecessor-version":[{"id":498,"href":"https:\/\/twinlink.eu\/it\/wp-json\/wp\/v2\/pages\/99\/revisions\/498"}],"wp:attachment":[{"href":"https:\/\/twinlink.eu\/it\/wp-json\/wp\/v2\/media?parent=99"}],"curies":[{"name":"wp","href":"https:\/\/api.w.org\/{rel}","templated":true}]}}