{"id":20,"date":"2026-01-16T16:03:42","date_gmt":"2026-01-16T16:03:42","guid":{"rendered":"https:\/\/twinlink.eu\/startpagina\/"},"modified":"2026-04-03T19:52:27","modified_gmt":"2026-04-03T19:52:27","slug":"startpagina","status":"publish","type":"page","link":"https:\/\/twinlink.eu\/pl\/","title":{"rendered":"Strona g\u0142\u00f3wna"},"content":{"rendered":"<div class=\"wp-block-group alignfull is-style-ext-preset--group--natural-1--section has-background-background-color has-background has-global-padding is-layout-constrained wp-container-core-group-is-layout-3a3c7119 wp-block-group-is-layout-constrained\" style=\"margin-top:0;margin-bottom:0;padding-top:var(--wp--preset--spacing--50);padding-bottom:var(--wp--preset--spacing--70)\">\n<figure class=\"wp-block-image alignfull size-large\"><img loading=\"lazy\" decoding=\"async\" width=\"1024\" height=\"683\" src=\"https:\/\/twinlink.eu\/wp-content\/uploads\/2026\/03\/EU-Local-Digital-Twins-initiative-1024x683.png\" alt=\"\" class=\"wp-image-632\" srcset=\"https:\/\/twinlink.eu\/wp-content\/uploads\/2026\/03\/EU-Local-Digital-Twins-initiative-1024x683.png 1024w, https:\/\/twinlink.eu\/wp-content\/uploads\/2026\/03\/EU-Local-Digital-Twins-initiative-300x200.png 300w, https:\/\/twinlink.eu\/wp-content\/uploads\/2026\/03\/EU-Local-Digital-Twins-initiative-768x512.png 768w, https:\/\/twinlink.eu\/wp-content\/uploads\/2026\/03\/EU-Local-Digital-Twins-initiative-18x12.png 18w, https:\/\/twinlink.eu\/wp-content\/uploads\/2026\/03\/EU-Local-Digital-Twins-initiative.png 1536w\" sizes=\"auto, (max-width: 1024px) 100vw, 1024px\" \/><\/figure>\n\n\n\n<div class=\"wp-block-group is-vertical is-content-justification-right is-layout-flex wp-container-core-group-is-layout-02afbb8c wp-block-group-is-layout-flex\">\n<div class=\"wp-block-group is-nowrap is-layout-flex wp-container-core-group-is-layout-6c531013 wp-block-group-is-layout-flex\">\n<div class=\"wp-block-group has-global-padding is-layout-constrained wp-container-core-group-is-layout-dd32767c wp-block-group-is-layout-constrained\">\n<h2 class=\"wp-block-heading\">twinlink.eu jest dla<\/h2>\n\n\n\n<ul class=\"wp-block-list\">\n<li>Miasta i regiony buduj\u0105ce lokalne cyfrowe bli\u017aniaki <\/li>\n\n\n\n<li>Ministerstwa i krajowi koordynatorzy ds. bli\u017aniak\u00f3w cyfrowych <\/li>\n\n\n\n<li>Instytucje wiedzy i konsorcja <\/li>\n\n\n\n<li>Dostawcy rozwi\u0105za\u0144 dostarczaj\u0105cy modele i narz\u0119dzia<\/li>\n<\/ul>\n\n\n\n<p><strong>twinlink.eu<\/strong> zosta\u0142 opracowany zgodnie z europejsk\u0105 strategi\u0105 na rzecz lokalnych cyfrowych bli\u017aniak\u00f3w, interoperacyjno\u015bci i niezawodnej wymiany danych.<\/p>\n\n\n\n<p>Wspiera rozw\u00f3j federacyjny i zasad\u0119 \u2018nie ma z\u0142ych drzwi\u2019, p\u0142ynnie \u0142\u0105cz\u0105c lokalne inicjatywy z krajowymi i europejskimi ekosystemami.<\/p>\n<\/div>\n<\/div>\n\n\n\n<p><\/p>\n\n\n\n<div class=\"wp-block-buttons is-layout-flex wp-block-buttons-is-layout-flex\">\n<div class=\"wp-block-button\"><a class=\"wp-block-button__link wp-element-button\" href=\"https:\/\/twinlink.eu\/pl\/lokale-digitale-tweelingen\/\">Przyk\u0142ady<\/a><\/div>\n<\/div>\n<\/div>\n<\/div>\n\n\n\n<div class=\"wp-block-group alignfull is-style-ext-preset--group--natural-1--section has-tertiary-background-color has-background has-global-padding is-content-justification-center is-layout-constrained wp-container-core-group-is-layout-43365766 wp-block-group-is-layout-constrained\" id=\"over-ons\" style=\"margin-top:0;margin-bottom:0;padding-top:var(--wp--preset--spacing--70);padding-bottom:var(--wp--preset--spacing--70)\">\n<div class=\"wp-block-group alignwide is-vertical is-content-justification-center is-layout-flex wp-container-core-group-is-layout-c9ee0c5a wp-block-group-is-layout-flex\">\n<div class=\"wp-block-group has-global-padding is-layout-constrained wp-container-core-group-is-layout-2287c683 wp-block-group-is-layout-constrained\">\n<h2 class=\"wp-block-heading has-text-align-center\">\u0141\u0105czenie cyfrowych bli\u017aniak\u00f3w<\/h2>\n\n\n\n<p class=\"has-text-align-center\"><strong>twinlink.eu<\/strong> jest niezale\u017cn\u0105 organizacj\u0105 non-profit, kt\u00f3ra rozwija i \u0142\u0105czy lokalne cyfrowe bli\u017aniaki w celu wspierania europejskich spo\u0142eczno\u015bci we wsp\u00f3\u0142pracy i kszta\u0142towaniu polityki.<\/p>\n<\/div>\n<\/div>\n\n\n\n<div class=\"wp-block-columns alignwide is-layout-flex wp-container-core-columns-is-layout-28f84493 wp-block-columns-is-layout-flex\">\n<div class=\"wp-block-column is-layout-flow wp-block-column-is-layout-flow\">\n<figure class=\"wp-block-image size-large is-style-ext-preset-image-natural-1-image-1--content-bottom is-style-ext-preset--image--natural-1--image-1--content-bottom extendify-image-import is-style-ext-preset--image--natural-1--image-1--content-bottom--3\"><img loading=\"lazy\" decoding=\"async\" width=\"832\" height=\"1248\" src=\"https:\/\/twinlink.eu\/wp-content\/uploads\/2026\/03\/2026-03-14-11-25-07-cb0e48b2-7389-48b8-b34a-de0b43f16080-1.png\" alt=\"\" class=\"wp-image-540\" srcset=\"https:\/\/twinlink.eu\/wp-content\/uploads\/2026\/03\/2026-03-14-11-25-07-cb0e48b2-7389-48b8-b34a-de0b43f16080-1.png 832w, https:\/\/twinlink.eu\/wp-content\/uploads\/2026\/03\/2026-03-14-11-25-07-cb0e48b2-7389-48b8-b34a-de0b43f16080-1-200x300.png 200w, https:\/\/twinlink.eu\/wp-content\/uploads\/2026\/03\/2026-03-14-11-25-07-cb0e48b2-7389-48b8-b34a-de0b43f16080-1-683x1024.png 683w, https:\/\/twinlink.eu\/wp-content\/uploads\/2026\/03\/2026-03-14-11-25-07-cb0e48b2-7389-48b8-b34a-de0b43f16080-1-768x1152.png 768w, https:\/\/twinlink.eu\/wp-content\/uploads\/2026\/03\/2026-03-14-11-25-07-cb0e48b2-7389-48b8-b34a-de0b43f16080-1-8x12.png 8w\" sizes=\"auto, (max-width: 832px) 100vw, 832px\" \/><\/figure>\n<\/div>\n\n\n\n<div class=\"wp-block-column is-layout-flow wp-block-column-is-layout-flow\">\n<figure class=\"wp-block-image size-large\"><img loading=\"lazy\" decoding=\"async\" width=\"683\" height=\"1024\" src=\"https:\/\/twinlink.eu\/wp-content\/uploads\/2026\/03\/Reuse-Enabling-1-683x1024.jpg\" alt=\"\" class=\"wp-image-548\" srcset=\"https:\/\/twinlink.eu\/wp-content\/uploads\/2026\/03\/Reuse-Enabling-1-683x1024.jpg 683w, https:\/\/twinlink.eu\/wp-content\/uploads\/2026\/03\/Reuse-Enabling-1-200x300.jpg 200w, https:\/\/twinlink.eu\/wp-content\/uploads\/2026\/03\/Reuse-Enabling-1-768x1152.jpg 768w, https:\/\/twinlink.eu\/wp-content\/uploads\/2026\/03\/Reuse-Enabling-1-8x12.jpg 8w, https:\/\/twinlink.eu\/wp-content\/uploads\/2026\/03\/Reuse-Enabling-1.jpg 832w\" sizes=\"auto, (max-width: 683px) 100vw, 683px\" \/><\/figure>\n<\/div>\n\n\n\n<div class=\"wp-block-column is-layout-flow wp-block-column-is-layout-flow\">\n<figure class=\"wp-block-image size-full is-style-ext-preset-image-natural-1-image-1--content-bottom is-style-ext-preset--image--natural-1--image-1--content-bottom extendify-image-import is-style-ext-preset--image--natural-1--image-1--content-bottom--4\"><img loading=\"lazy\" decoding=\"async\" width=\"832\" height=\"1248\" src=\"https:\/\/twinlink.eu\/wp-content\/uploads\/2026\/03\/2026-03-14-11-25-07-cb0e48b2-7389-48b8-b34a-de0b43f16080-2.png\" alt=\"\" class=\"wp-image-542\" srcset=\"https:\/\/twinlink.eu\/wp-content\/uploads\/2026\/03\/2026-03-14-11-25-07-cb0e48b2-7389-48b8-b34a-de0b43f16080-2.png 832w, https:\/\/twinlink.eu\/wp-content\/uploads\/2026\/03\/2026-03-14-11-25-07-cb0e48b2-7389-48b8-b34a-de0b43f16080-2-200x300.png 200w, https:\/\/twinlink.eu\/wp-content\/uploads\/2026\/03\/2026-03-14-11-25-07-cb0e48b2-7389-48b8-b34a-de0b43f16080-2-683x1024.png 683w, https:\/\/twinlink.eu\/wp-content\/uploads\/2026\/03\/2026-03-14-11-25-07-cb0e48b2-7389-48b8-b34a-de0b43f16080-2-768x1152.png 768w, https:\/\/twinlink.eu\/wp-content\/uploads\/2026\/03\/2026-03-14-11-25-07-cb0e48b2-7389-48b8-b34a-de0b43f16080-2-8x12.png 8w\" sizes=\"auto, (max-width: 832px) 100vw, 832px\" \/><\/figure>\n<\/div>\n<\/div>\n\n\n\n<div class=\"wp-block-columns alignwide is-layout-flex wp-container-core-columns-is-layout-28f84493 wp-block-columns-is-layout-flex\">\n<div class=\"wp-block-column is-layout-flow wp-block-column-is-layout-flow\" style=\"flex-basis:100%\">\n<div class=\"wp-block-group is-layout-grid wp-container-core-group-is-layout-478b6e6b wp-block-group-is-layout-grid\">\n<div class=\"wp-block-buttons wp-container-content-e29552f7 is-layout-flex wp-block-buttons-is-layout-flex\">\n<div class=\"wp-block-button\"><a class=\"wp-block-button__link wp-element-button\" href=\"https:\/\/twinlink.eu\/pl\/lokalny-cyfrowy-blizniak\/\">Lokalny<\/a><\/div>\n<\/div>\n\n\n\n<div class=\"wp-block-buttons wp-container-content-e29552f7 is-layout-flex wp-block-buttons-is-layout-flex\">\n<div class=\"wp-block-button\"><a class=\"wp-block-button__link wp-element-button\" href=\"https:\/\/twinlink.eu\/pl\/nationale-ldt-appwinkel-2\/\">Krajowy<\/a><\/div>\n<\/div>\n\n\n\n<div class=\"wp-block-buttons is-layout-flex wp-block-buttons-is-layout-flex\">\n<div class=\"wp-block-button\"><a class=\"wp-block-button__link wp-element-button\" href=\"https:\/\/twinlink.eu\/pl\/EU LDT Toolbox\/\">Europejski<\/a><\/div>\n<\/div>\n<\/div>\n<\/div>\n<\/div>\n<\/div>\n\n\n\n<div class=\"wp-block-group alignfull is-style-ext-preset--group--natural-1--section has-background-background-color has-background has-global-padding is-layout-constrained wp-container-core-group-is-layout-e955bbaf wp-block-group-is-layout-constrained\" id=\"blog\" style=\"margin-top:0;margin-bottom:0;padding-top:var(--wp--preset--spacing--70);padding-bottom:var(--wp--preset--spacing--70)\">\n<div class=\"wp-block-group alignwide is-vertical is-content-justification-center is-layout-flex wp-container-core-group-is-layout-c9ee0c5a wp-block-group-is-layout-flex\">\n<div class=\"wp-block-group has-global-padding is-layout-constrained wp-container-core-group-is-layout-2287c683 wp-block-group-is-layout-constrained\">\n<h2 class=\"wp-block-heading has-text-align-center\">Od danych do lepszych decyzji<\/h2>\n\n\n\n<p class=\"has-text-align-center\">Coraz wi\u0119cej miast i region\u00f3w korzysta z cyfrowych bli\u017aniak\u00f3w: cyfrowych map i modeli rzeczywistego \u015bwiata, kt\u00f3re pomagaj\u0105 dokonywa\u0107 inteligentnych wybor\u00f3w dotycz\u0105cych mieszkalnictwa, mobilno\u015bci, energii i klimatu. <strong>twinlink.eu<\/strong> \u0142\u0105czy te lokalne cyfrowe bli\u017aniaki w Europie, \u0142\u0105cz\u0105c ludzi, wiedz\u0119 i dane, aby organizacje publiczne mog\u0142y lepiej wsp\u00f3\u0142pracowa\u0107.<\/p>\n<\/div>\n<\/div>\n\n\n\n<div data-wp-context=\"{}\" data-wp-interactive=\"core\/query\" data-wp-key=\"10\" data-wp-router-region=\"query-10\" class=\"wp-block-query alignwide has-global-padding is-layout-constrained wp-container-core-query-is-layout-f1ba3e7e wp-block-query-is-layout-constrained\"><ul class=\"wp-block-post-template is-layout-flow wp-block-post-template-is-layout-flow\"><li data-wp-key=\"post-template-item-37\" class=\"wp-block-post post-37 post type-post status-publish format-standard has-post-thumbnail hentry category-category-4\">\n\n<div class=\"wp-block-media-text is-stacked-on-mobile is-style-ext-preset--media-text--natural-1--card-1 has-tertiary-background-color has-background is-style-ext-preset--media-text--natural-1--card-1--6\" style=\"grid-template-columns:33% auto\"><figure class=\"wp-block-media-text__media\"><img loading=\"lazy\" decoding=\"async\" width=\"989\" height=\"550\" src=\"https:\/\/twinlink.eu\/wp-content\/uploads\/2026\/01\/Logo-twinlink.eu_.png\" alt=\"\" class=\"wp-image-181 size-full\" srcset=\"https:\/\/twinlink.eu\/wp-content\/uploads\/2026\/01\/Logo-twinlink.eu_.png 989w, https:\/\/twinlink.eu\/wp-content\/uploads\/2026\/01\/Logo-twinlink.eu_-300x167.png 300w, https:\/\/twinlink.eu\/wp-content\/uploads\/2026\/01\/Logo-twinlink.eu_-768x427.png 768w, https:\/\/twinlink.eu\/wp-content\/uploads\/2026\/01\/Logo-twinlink.eu_-18x10.png 18w\" sizes=\"auto, (max-width: 989px) 100vw, 989px\" \/><\/figure><div class=\"wp-block-media-text__content\">\n<div class=\"wp-block-group is-style-default is-layout-flow wp-block-group-is-layout-flow\"><h1 style=\"font-size:clamp(0.984rem, 0.984rem + ((1vw - 0.2rem) * 0.86), 1.5rem); margin-bottom:8px;margin-top:12px;\" class=\"wp-block-post-title\"><a href=\"https:\/\/twinlink.eu\/pl\/verbonden-europa-de-kracht-van-gedeelde-data\/\" target=\"_self\" >Po\u0142\u0105czona Europa: si\u0142a wsp\u00f3lnych danych<\/a><\/h1>\n\n<div style=\"margin-top:8px;margin-bottom:0;\" class=\"wp-block-post-excerpt has-small-font-size\"><p class=\"wp-block-post-excerpt__excerpt\">Europa jest najsilniejsza, gdy si\u0119 \u0142\u0105czymy: mi\u0119dzy krajami, regionami, miastami, firmami i mieszka\u0144cami. Ale to po\u0142\u0105czenie nie przychodzi naturalnie. W czasach transformacji energetycznej, adaptacji do zmian klimatu, presji na mobilno\u015b\u0107 i niepewno\u015bci geopolitycznej,... <\/p><\/div><\/div>\n<\/div><\/div>\n\n<\/li><li data-wp-key=\"post-template-item-35\" class=\"wp-block-post post-35 post type-post status-publish format-standard has-post-thumbnail hentry category-category-3\">\n\n<div class=\"wp-block-media-text is-stacked-on-mobile is-style-ext-preset--media-text--natural-1--card-1 has-tertiary-background-color has-background is-style-ext-preset--media-text--natural-1--card-1--7\" style=\"grid-template-columns:33% auto\"><figure class=\"wp-block-media-text__media\"><img loading=\"lazy\" decoding=\"async\" width=\"989\" height=\"550\" src=\"https:\/\/twinlink.eu\/wp-content\/uploads\/2026\/01\/Logo-twinlink.eu_.png\" alt=\"\" class=\"wp-image-181 size-full\" srcset=\"https:\/\/twinlink.eu\/wp-content\/uploads\/2026\/01\/Logo-twinlink.eu_.png 989w, https:\/\/twinlink.eu\/wp-content\/uploads\/2026\/01\/Logo-twinlink.eu_-300x167.png 300w, https:\/\/twinlink.eu\/wp-content\/uploads\/2026\/01\/Logo-twinlink.eu_-768x427.png 768w, https:\/\/twinlink.eu\/wp-content\/uploads\/2026\/01\/Logo-twinlink.eu_-18x10.png 18w\" sizes=\"auto, (max-width: 989px) 100vw, 989px\" \/><\/figure><div class=\"wp-block-media-text__content\">\n<div class=\"wp-block-group is-style-default is-layout-flow wp-block-group-is-layout-flow\"><h1 style=\"font-size:clamp(0.984rem, 0.984rem + ((1vw - 0.2rem) * 0.86), 1.5rem); margin-bottom:8px;margin-top:12px;\" class=\"wp-block-post-title\"><a href=\"https:\/\/twinlink.eu\/pl\/de-toekomst-van-stedelijke-planning-en-digitale-technologie\/\" target=\"_self\" >Technologia cyfrowa dla du\u017cych zada\u0144 w naszym \u015brodowisku \u017cycia<\/a><\/h1>\n\n<div style=\"margin-top:8px;margin-bottom:0;\" class=\"wp-block-post-excerpt has-small-font-size\"><p class=\"wp-block-post-excerpt__excerpt\">Onze leefomgeving staat op een kantelpunt. De opgaven stapelen zich op: woningbouw, bereikbaarheid, energietransitie, klimaatadaptatie, gezondheid, leefbaarheid en betaalbaarheid moeten tegelijk worden gerealiseerd, vaak in dezelfde vierkante kilometer. Tegelijkertijd groeit de hoeveelheid&hellip; <\/p><\/div><\/div>\n<\/div><\/div>\n\n<\/li><li data-wp-key=\"post-template-item-33\" class=\"wp-block-post post-33 post type-post status-publish format-standard has-post-thumbnail hentry category-category-2\">\n\n<div class=\"wp-block-media-text is-stacked-on-mobile is-style-ext-preset--media-text--natural-1--card-1 has-tertiary-background-color has-background is-style-ext-preset--media-text--natural-1--card-1--8\" style=\"grid-template-columns:33% auto\"><figure class=\"wp-block-media-text__media\"><img loading=\"lazy\" decoding=\"async\" width=\"989\" height=\"550\" src=\"https:\/\/twinlink.eu\/wp-content\/uploads\/2026\/01\/Logo-twinlink.eu_.png\" alt=\"\" class=\"wp-image-181 size-full\" srcset=\"https:\/\/twinlink.eu\/wp-content\/uploads\/2026\/01\/Logo-twinlink.eu_.png 989w, https:\/\/twinlink.eu\/wp-content\/uploads\/2026\/01\/Logo-twinlink.eu_-300x167.png 300w, https:\/\/twinlink.eu\/wp-content\/uploads\/2026\/01\/Logo-twinlink.eu_-768x427.png 768w, https:\/\/twinlink.eu\/wp-content\/uploads\/2026\/01\/Logo-twinlink.eu_-18x10.png 18w\" sizes=\"auto, (max-width: 989px) 100vw, 989px\" \/><\/figure><div class=\"wp-block-media-text__content\">\n<div class=\"wp-block-group is-style-default is-layout-flow wp-block-group-is-layout-flow\"><h1 style=\"font-size:clamp(0.984rem, 0.984rem + ((1vw - 0.2rem) * 0.86), 1.5rem); margin-bottom:8px;margin-top:12px;\" class=\"wp-block-post-title\"><a href=\"https:\/\/twinlink.eu\/pl\/een-blik-op-simulatiemodellen-voor-toekomstscenarios\/\" target=\"_self\" >Spojrzenie na modele symulacyjne dla przysz\u0142ych scenariuszy<\/a><\/h1>\n\n<div style=\"margin-top:8px;margin-bottom:0;\" class=\"wp-block-post-excerpt has-small-font-size\"><p class=\"wp-block-post-excerpt__excerpt\">Ka\u017cdy, kto pracuje nad miejskimi scenariuszami przysz\u0142o\u015bci, zna to napi\u0119cie: musimy teraz podejmowa\u0107 decyzje dotycz\u0105ce infrastruktury, mieszkalnictwa, energii i adaptacji do zmian klimatu, podczas gdy przysz\u0142o\u015b\u0107 jest z definicji niepewna. Modele symulacyjne pomagaj\u0105 w zarz\u0105dzaniu t\u0105 niepewno\u015bci\u0105,... <\/p><\/div><\/div>\n<\/div><\/div>\n\n<\/li><\/ul>\n\n<\/div>\n\n\n\n<div class=\"wp-block-buttons alignwide is-content-justification-center is-layout-flex wp-container-core-buttons-is-layout-a89b3969 wp-block-buttons-is-layout-flex\"><\/div>\n<\/div>\n\n\n\n<div class=\"wp-block-group alignfull is-style-ext-preset--group--natural-1--section has-background-background-color has-background has-global-padding is-layout-constrained wp-block-group-is-layout-constrained\" style=\"margin-top:0;margin-bottom:0;padding-top:0;padding-bottom:0\">\n<div class=\"wp-block-cover alignfull is-style-ext-preset--cover--natural-1--cover-overlay-1 extendify-image-import is-style-ext-preset--cover--natural-1--cover-overlay-1--10\" style=\"padding-top:var(--wp--preset--spacing--70);padding-right:var(--wp--preset--spacing--30);padding-bottom:var(--wp--preset--spacing--70);padding-left:var(--wp--preset--spacing--30)\"><img decoding=\"async\" class=\"wp-block-cover__image-background\" alt=\"\" src=\"https:\/\/images.unsplash.com\/photo-1579616043939-95d87a6e8512?ixid=M3w0MzUxNjF8MHwxfHNlYXJjaHw2fHx1cmJhbiUyMHBsYW5uaW5nfGVufDB8fHx8MTc2ODMyODU1NXww&amp;ixlib=rb-4.1.0&amp;orientation=landscape?fit=crop&amp;crop=entropy%2Cfaces&amp;auto=format%2Ccompress&amp;w=1280\" data-object-fit=\"cover\"\/><span aria-hidden=\"true\" class=\"wp-block-cover__background has-background-dim-80 has-background-dim\" style=\"background-color:#010101\"><\/span><div class=\"wp-block-cover__inner-container has-global-padding is-layout-constrained wp-container-core-cover-is-layout-5cffc2c1 wp-block-cover-is-layout-constrained\">\n<div class=\"wp-block-group alignwide is-vertical is-layout-flex wp-container-core-group-is-layout-c35747d5 wp-block-group-is-layout-flex\">\n<div class=\"wp-block-group has-global-padding is-layout-constrained wp-container-core-group-is-layout-2287c683 wp-block-group-is-layout-constrained\">\n<h2 class=\"wp-block-heading has-text-align-left\">Wsparcie dla inteligentnego kszta\u0142towania polityki lokalnej<\/h2>\n\n\n\n<p class=\"has-text-align-left\">Dowiedz si\u0119, jak twinlink.eu pomaga samorz\u0105dom lokalnym z cyfrowymi bli\u017aniakami w celu wzmocnienia wsp\u00f3\u0142pracy i podejmowania decyzji. Zarejestruj si\u0119, aby otrzymywa\u0107 aktualizacje i by\u0107 na bie\u017c\u0105co z innowacyjnymi narz\u0119dziami i przypadkami.<\/p>\n<\/div>\n\n\n\n<div class=\"wp-block-buttons is-layout-flex wp-block-buttons-is-layout-flex\">\n<div class=\"wp-block-button is-style-ext-preset--button--natural-1--button-1 is-style-ext-preset--button--natural-1--button-1--11\"><a class=\"wp-block-button__link wp-element-button\" href=\"https:\/\/twinlink.eu\/pl\/contact\/\">Kontakt<\/a><\/div>\n<\/div>\n<\/div>\n<\/div><\/div>\n<\/div>","protected":false},"excerpt":{"rendered":"<p>twinlink.eu is bedoeld voor twinlink.eu is ontwikkeld in overeenstemming met de Europese strategie voor lokale digitale tweelingen, interoperabiliteit en betrouwbare gegevensuitwisseling. Het ondersteunt federatieve ontwikkeling en het &#8216;no wrong door&#8217;-principe, waarbij lokale initiatieven naadloos worden verbonden met nationale en Europese ecosystemen. Verbinden Digital Twins twinlink.eu is een onafhankelijke non-profitorganisatie die lokale digitale tweelingen ontwikkelt en [&hellip;]<\/p>\n","protected":false},"author":1,"featured_media":0,"parent":0,"menu_order":0,"comment_status":"closed","ping_status":"closed","template":"no-title","meta":{"om_disable_all_campaigns":false,"_monsterinsights_skip_tracking":false,"_monsterinsights_sitenote_active":false,"_monsterinsights_sitenote_note":"","_monsterinsights_sitenote_category":0,"footnotes":""},"class_list":["post-20","page","type-page","status-publish","hentry"],"aioseo_notices":[],"_links":{"self":[{"href":"https:\/\/twinlink.eu\/pl\/wp-json\/wp\/v2\/pages\/20","targetHints":{"allow":["GET"]}}],"collection":[{"href":"https:\/\/twinlink.eu\/pl\/wp-json\/wp\/v2\/pages"}],"about":[{"href":"https:\/\/twinlink.eu\/pl\/wp-json\/wp\/v2\/types\/page"}],"author":[{"embeddable":true,"href":"https:\/\/twinlink.eu\/pl\/wp-json\/wp\/v2\/users\/1"}],"replies":[{"embeddable":true,"href":"https:\/\/twinlink.eu\/pl\/wp-json\/wp\/v2\/comments?post=20"}],"version-history":[{"count":80,"href":"https:\/\/twinlink.eu\/pl\/wp-json\/wp\/v2\/pages\/20\/revisions"}],"predecessor-version":[{"id":642,"href":"https:\/\/twinlink.eu\/pl\/wp-json\/wp\/v2\/pages\/20\/revisions\/642"}],"wp:attachment":[{"href":"https:\/\/twinlink.eu\/pl\/wp-json\/wp\/v2\/media?parent=20"}],"curies":[{"name":"wp","href":"https:\/\/api.w.org\/{rel}","templated":true}]}}