{"id":99,"date":"2026-01-17T16:21:04","date_gmt":"2026-01-17T16:21:04","guid":{"rendered":"https:\/\/twinlink.eu\/?page_id=99"},"modified":"2026-03-12T00:29:21","modified_gmt":"2026-03-12T00:29:21","slug":"componente-ale-cutiei-de-instrumente-ue","status":"publish","type":"page","link":"https:\/\/twinlink.eu\/ro\/componenten-eu-toolbox\/","title":{"rendered":"Componente EU Toolbox"},"content":{"rendered":"<div class=\"wp-block-columns alignwide is-layout-flex wp-container-core-columns-is-layout-28f84493 wp-block-columns-is-layout-flex\">\n<div class=\"wp-block-column is-layout-flow wp-block-column-is-layout-flow\">\n<hr class=\"wp-block-separator has-alpha-channel-opacity is-style-wide\"\/>\n<\/div>\n<\/div>\n\n\n\n<div class=\"wp-block-group alignfull is-style-ext-preset--group--natural-1--section has-tertiary-background-color has-background has-global-padding is-layout-constrained wp-container-core-group-is-layout-e955bbaf wp-block-group-is-layout-constrained\" style=\"margin-top:0;margin-bottom:0;padding-top:var(--wp--preset--spacing--70);padding-bottom:var(--wp--preset--spacing--70)\">\n<div class=\"wp-block-group alignwide is-vertical is-layout-flex wp-container-core-group-is-layout-c35747d5 wp-block-group-is-layout-flex\">\n<div class=\"wp-block-group has-global-padding is-layout-constrained wp-container-core-group-is-layout-5e05634a wp-block-group-is-layout-constrained\">\n<h2 class=\"wp-block-heading alignwide\">Cum se preconizeaz\u0103 c\u0103 va func\u021biona Toolbox<\/h2>\n\n\n\n<p>Prin combinarea interoperabilit\u0103\u021bii, securit\u0103\u021bii \u0219i scalabilit\u0103\u021bii \u00eentr-o singur\u0103 platform\u0103, LDT Toolbox ofer\u0103 liderilor ora\u0219elor \u0219i echipelor tehnice un mediu practic \u0219i flexibil pentru planificarea, simularea \u0219i monitorizarea inov\u0103rii urbane. De la integrarea diverselor fluxuri de date la implicarea cet\u0103\u021benilor prin intermediul instrumentelor de vizualizare, Toolbox ajut\u0103 la transformarea tehnologiei digitale complexe \u00een beneficii tangibile pentru comunit\u0103\u021bile din \u00eentreaga Europ\u0103.<\/p>\n\n\n\n<h3 class=\"wp-block-heading\">O platform\u0103 unificat\u0103 pentru decizii urbane mai inteligente<\/h3>\n\n\n\n<p>\u00cen esen\u021ba sa, EU LDT Toolbox ac\u021bioneaz\u0103 ca un <strong>infrastructur\u0103 digital\u0103 colaborativ\u0103<\/strong> - un spa\u021biu comun \u00een care municipalit\u0103\u021bile, cercet\u0103torii \u0219i partenerii tehnologici pot experimenta \u0219i dezvolta tehnologii digitale gemene. \u00cen loc s\u0103 construiasc\u0103 instrumente de la zero, ora\u0219ele pot avea acces la un cadru gata f\u0103cut, care evolueaz\u0103 \u00een func\u021bie de nevoile \u0219i nivelul lor de maturitate digital\u0103.<\/p>\n\n\n\n<p>Fiecare component\u0103 este open-source \u0219i interoperabil\u0103, asigur\u00e2ndu-se astfel c\u0103 ora\u0219ele de toate dimensiunile - de la regiuni metropolitane mari la municipalit\u0103\u021bi mai mici - pot implementa \u0219i adapta tehnologia f\u0103r\u0103 constr\u00e2ngerile sistemelor proprietare. Setul de instrumente promoveaz\u0103 colaborarea, transparen\u021ba \u0219i inovarea \u00een peisajul urban divers al Europei.<\/p>\n\n\n\n<h3 class=\"wp-block-heading\">Instrumente-cheie \u0219i func\u021biile lor de baz\u0103<\/h3>\n\n\n\n<p>Cutia de instrumente LDT a UE este compus\u0103 din mai multe module esen\u021biale, fiecare contribuind la un ecosistem holistic de gemeni digitali:<\/p>\n\n\n\n<ul class=\"wp-block-list\">\n<li><strong>Hub central:<\/strong> O interfa\u021b\u0103 unificat\u0103 care conecteaz\u0103 toate modulele, permi\u021b\u00e2nd utilizatorilor s\u0103 gestioneze date, s\u0103 acceseze instrumente analitice \u0219i s\u0103 se coordoneze perfect \u00eentre echipe.<\/li>\n\n\n\n<li><strong>Stratul de date:<\/strong> Adun\u0103 datele ora\u0219ului de la senzori, API-uri \u0219i re\u021bele IoT \u0219i poate genera date sintetice acolo unde exist\u0103 lacune - asigur\u00e2ndu-se c\u0103 \u0219i ora\u0219ele cu seturi de date limitate pot construi gemene digitale complete.<\/li>\n\n\n\n<li><strong>Motor AI:<\/strong> Ofer\u0103 modele pre-antrenate \u0219i adaptabile pentru a sprijini sarcini precum prognoza calit\u0103\u021bii aerului, optimizarea traficului \u0219i monitorizarea mediului.<\/li>\n\n\n\n<li><strong>Simulator de scenarii:<\/strong> Permite planificatorilor s\u0103 testeze scenarii urbane de tipul \u201cce-ar fi dac\u0103\u201d \u00eenainte de a le implementa \u00een via\u021ba real\u0103 - sprijinind elaborarea de politici bazate pe dovezi \u0219i reduc\u00e2nd testele \u0219i erorile costisitoare.<\/li>\n\n\n\n<li><strong>Suit\u0103 de vizualizare:<\/strong> Ofer\u0103 tablouri de bord geospa\u021biale \u0219i instrumente de realitate extins\u0103 care transform\u0103 datele complexe \u00een informa\u021bii vizuale clare \u0219i accesibile at\u00e2t pentru factorii de decizie, c\u00e2t \u0219i pentru public.<\/li>\n\n\n\n<li><strong>Instrumente de implicare a cet\u0103\u021benilor:<\/strong> Permite\u021bi comunicarea bidirec\u021bional\u0103 prin simul\u0103ri participative, sondaje \u0219i bucle de feedback, integrate prin intermediul City Innovation Planner.<\/li>\n\n\n\n<li><strong>Module de securitate \u0219i interoperabilitate:<\/strong> Garantarea alinierii la cadrele europene precum GAIA-X, IDSA \u0219i alte standarde digitale ale UE, promov\u00e2nd \u00eencrederea \u0219i schimbul sigur de date.<\/li>\n<\/ul>\n\n\n\n<p>\u00cempreun\u0103, aceste componente asigur\u0103 faptul c\u0103 ora\u0219ele pot nu numai s\u0103 colecteze \u0219i s\u0103 analizeze date, ci \u0219i s\u0103 transpun\u0103 informa\u021biile \u00een strategii ac\u021bionabile care \u00eembun\u0103t\u0103\u021besc calitatea vie\u021bii cet\u0103\u021benilor.<\/p>\n\n\n\n<h3 class=\"wp-block-heading\">Conceput pentru colaborare \u0219i reutilizare<\/h3>\n\n\n\n<p>Ceea ce face ca EU LDT Toolbox s\u0103 fie cu adev\u0103rat distinctiv este <strong>angajamentul fa\u021b\u0103 de deschidere \u0219i reutilizare<\/strong>. Toate componentele sale sunt concepute pentru reutilizare \u0219i adaptare, asigur\u00e2ndu-se c\u0103 fiecare nou\u0103 implementare contribuie la un ecosistem european \u00een cre\u0219tere de inovare digital\u0103 comun\u0103.<\/p>\n\n\n\n<p>Aceast\u0103 abordare \u00eencurajeaz\u0103 \u00eenv\u0103\u021barea transfrontalier\u0103: ceea ce func\u021bioneaz\u0103 pentru un model de optimizare a traficului \u00een Helsinki poate fi adaptat de un ora\u0219 de coast\u0103 din Spania sau de un ora\u0219 de m\u0103rime medie din Polonia. Ea \u00eencurajeaz\u0103 un spirit de colaborare \u00een care datele, algoritmii \u0219i metodologiile pot circula liber \u00een spa\u021biul digital comun al Europei.<\/p>\n<\/div>\n<\/div>\n\n\n\n<figure class=\"wp-block-image\"><img loading=\"lazy\" decoding=\"async\" width=\"1024\" height=\"1024\" src=\"https:\/\/twinlink.eu\/wp-content\/uploads\/2026\/03\/2026-03-12-00-02-46-cb0e48b2-7389-48b8-b34a-de0b43f16080.png\" alt=\"\" class=\"wp-image-497\" srcset=\"https:\/\/twinlink.eu\/wp-content\/uploads\/2026\/03\/2026-03-12-00-02-46-cb0e48b2-7389-48b8-b34a-de0b43f16080.png 1024w, https:\/\/twinlink.eu\/wp-content\/uploads\/2026\/03\/2026-03-12-00-02-46-cb0e48b2-7389-48b8-b34a-de0b43f16080-300x300.png 300w, https:\/\/twinlink.eu\/wp-content\/uploads\/2026\/03\/2026-03-12-00-02-46-cb0e48b2-7389-48b8-b34a-de0b43f16080-150x150.png 150w, https:\/\/twinlink.eu\/wp-content\/uploads\/2026\/03\/2026-03-12-00-02-46-cb0e48b2-7389-48b8-b34a-de0b43f16080-768x768.png 768w, https:\/\/twinlink.eu\/wp-content\/uploads\/2026\/03\/2026-03-12-00-02-46-cb0e48b2-7389-48b8-b34a-de0b43f16080-12x12.png 12w\" sizes=\"auto, (max-width: 1024px) 100vw, 1024px\" \/><\/figure>\n<\/div>","protected":false},"excerpt":{"rendered":"<p>How the Toolbox is envisioned to work By combining interoperability, security, and scalability in a single platform, the LDT Toolbox provides city leaders and technical teams with a practical, flexible environment to plan, simulate, and monitor urban innovation. From integrating diverse data streams to engaging citizens through visualisation tools, the Toolbox helps translate complex digital [&hellip;]<\/p>\n","protected":false},"author":1,"featured_media":0,"parent":0,"menu_order":0,"comment_status":"closed","ping_status":"closed","template":"page-with-title","meta":{"om_disable_all_campaigns":false,"_monsterinsights_skip_tracking":false,"_monsterinsights_sitenote_active":false,"_monsterinsights_sitenote_note":"","_monsterinsights_sitenote_category":0,"footnotes":""},"class_list":["post-99","page","type-page","status-publish","hentry"],"aioseo_notices":[],"_links":{"self":[{"href":"https:\/\/twinlink.eu\/ro\/wp-json\/wp\/v2\/pages\/99","targetHints":{"allow":["GET"]}}],"collection":[{"href":"https:\/\/twinlink.eu\/ro\/wp-json\/wp\/v2\/pages"}],"about":[{"href":"https:\/\/twinlink.eu\/ro\/wp-json\/wp\/v2\/types\/page"}],"author":[{"embeddable":true,"href":"https:\/\/twinlink.eu\/ro\/wp-json\/wp\/v2\/users\/1"}],"replies":[{"embeddable":true,"href":"https:\/\/twinlink.eu\/ro\/wp-json\/wp\/v2\/comments?post=99"}],"version-history":[{"count":11,"href":"https:\/\/twinlink.eu\/ro\/wp-json\/wp\/v2\/pages\/99\/revisions"}],"predecessor-version":[{"id":498,"href":"https:\/\/twinlink.eu\/ro\/wp-json\/wp\/v2\/pages\/99\/revisions\/498"}],"wp:attachment":[{"href":"https:\/\/twinlink.eu\/ro\/wp-json\/wp\/v2\/media?parent=99"}],"curies":[{"name":"wp","href":"https:\/\/api.w.org\/{rel}","templated":true}]}}